{"id":125,"date":"2019-08-16T21:18:56","date_gmt":"2019-08-16T19:18:56","guid":{"rendered":"http:\/\/cofradiasanantonmurcia.com\/?page_id=125"},"modified":"2026-03-22T18:42:19","modified_gmt":"2026-03-22T17:42:19","slug":"agenda-cofrade","status":"publish","type":"page","link":"https:\/\/cofradiasanantonmurcia.com\/index.php\/agenda-cofrade\/","title":{"rendered":"Agenda Cofrade"},"content":{"rendered":"<p>&nbsp;<\/p>\n<ul class=\"lcp_catlist\" id=\"lcp_instance_0\"><li><a href=\"https:\/\/cofradiasanantonmurcia.com\/index.php\/2024\/01\/09\/entrevista-a-la-vocal-de-culto-en-la-cadena-cope-murcia\/\">Entrevista a la vocal de culto en la Cadena Cope (Murcia)<\/a><div class=\"lcp_excerpt\">\u00bfQuieres saber algunas de las actividades que tenemos previstas para estas fiestas de San Ant\u00f3n?\nNuestra vocal de Formaci\u00f3n, Culto, Acci\u00f3n Social y Culto, Carmen Alias Tuduri, ha estado en los \ud83c\udf99\ufe0f micr\u00f3fonos de la Cadena Cope Murcia hablando con el periodista Pedro Gonzalez.\nNo te la pierdas. Dale al &#8216;Play&#8217;.\ud83d\udc47\n#RealyMuyIlustreCofrad\u00edadeSanAnt\u00f3n #Murcia\n<\/div><\/li><li><a href=\"https:\/\/cofradiasanantonmurcia.com\/index.php\/2024\/01\/08\/horario-caseta-panecillos-2024\/\">Horario caseta Panecillos 2024<\/a><div class=\"lcp_excerpt\">El horario de la caseta de panecillos (situada junto a la Ermita de San Ant\u00f3n) puede verse sujeto a cambios.\n\n<\/div><\/li><li><a href=\"https:\/\/cofradiasanantonmurcia.com\/index.php\/2024\/01\/08\/comienzan-las-fiestas-de-san-anton-2024\/\">Actos en honor a San Ant\u00f3n 2024<\/a><div class=\"lcp_excerpt\">\u00a1Han llegado las Fiestas de San Ant\u00f3n\u00a1 Comenzamos los actos que hemos organizado en este mes de enero para honrar a nuestro patr\u00f3n, San Ant\u00f3n, as\u00ed como a San Fulgencio, titular de otra de las hermandades que forman parte de nuestra Real y Muy Ilustre Cofrad\u00eda de San Ant\u00f3n.\nComo bien dice el refr\u00e1n \u00abHasta San ...<\/div><\/li><li><a href=\"https:\/\/cofradiasanantonmurcia.com\/index.php\/2023\/05\/25\/tomadeposesion2023_2026\/\">Toma de posesi\u00f3n de la nueva Junta de Gobierno 2023-2026<\/a><div class=\"lcp_excerpt\">Estimados hermanos Cofrades:\nLa Junta de Gobierno electa de la Real y Muy Ilustre Cofrad\u00eda de San Ant\u00f3n tiene el gusto de invitaros a la toma de posesi\u00f3n de sus cargos que se celebrar\u00e1 (D.m.) el pr\u00f3ximo s\u00e1bado 27 de mayo de 2023 a las 19.30 horas en nuestra Parroquia.\nEsperamos y deseamos contar con vuestra asistencia ...<\/div><\/li><li><a href=\"https:\/\/cofradiasanantonmurcia.com\/index.php\/2023\/02\/04\/cabildo-general-y-cabildo-general-extraordinario-de-elecciones-5-03-2023\/\">Cabildo General y Cabildo General Extraordinario de Elecciones (5-03-2023)<\/a><div class=\"lcp_excerpt\">Convocatoria para la celebraci\u00f3n del Cabildo General Ordinario y el Cabildo General Extraordinario de Elecciones para la formaci\u00f3n de una nueva junta de gobierno, habiendo acabado el mandato de la actual. Tendr\u00e1 lugar el domingo 5 de marzo de 2023 en la Parroquia San Francisco Javier &#8211; San Ant\u00f3n de Murcia.\n<\/div><\/li><li><a href=\"https:\/\/cofradiasanantonmurcia.com\/index.php\/2023\/01\/11\/horario-caseta-panecillos-2023\/\">Horario Caseta Panecillos 2023<\/a><div class=\"lcp_excerpt\">Horario Caseta Panecillos 2023\n<\/div><\/li><li><a href=\"https:\/\/cofradiasanantonmurcia.com\/index.php\/2023\/01\/09\/actos-en-honor-a-san-anton-2023\/\">Actos en honor a San Ant\u00f3n 2023<\/a><div class=\"lcp_excerpt\">Calendario que recoge todos los actos en honor a nuestro titular, San Ant\u00f3n, en estas fiestas patronales del a\u00f1o 2023 as\u00ed como a San Fulgencio, otra de las hermandades que forman nuestra cofrad\u00eda y que celebramos el 16 de enero, coincidiendo con su onom\u00e1stica. \n<\/div><\/li><li><a href=\"https:\/\/cofradiasanantonmurcia.com\/index.php\/2022\/03\/13\/misa-en-la-catedral-y-procesion-votiva-nuestro-padre-jesus-nazareno\/\">Misa en la Catedral y procesi\u00f3n votiva Nuestro Padre Jes\u00fas Nazareno<\/a><div class=\"lcp_excerpt\">&nbsp;\nAyer participamos invitados por la Real y Muy Ilustre Cofrad\u00eda de Nuestro Padre Jes\u00fas a la misa y posterior&nbsp; procesi\u00f3n votiva de vuelta de su titular desde la Catedral a la Iglesia de Jes\u00fas.\nUna tarde m\u00e1gica en la que tuvimos el privilegio de sentir la cercan\u00eda de la Semana Santa as\u00ed como el sentimiento cofrade.\n\n&nbsp;\n&nbsp;\n&nbsp;\n&nbsp;\n<\/div><\/li><li><a href=\"https:\/\/cofradiasanantonmurcia.com\/index.php\/2022\/03\/09\/cabildo-general-ordinario-2022\/\">Cabildo General Ordinario 2022<\/a><div class=\"lcp_excerpt\">&nbsp;\nEn cumplimiento de lo dispuesto en los art\u00edculos 31 y 32 de los estatutos de la Real y Muy Ilustre Cofrad\u00eda de San Ant\u00f3n el pr\u00f3ximo domingo d\u00eda 13 de marzo de 2022 se celebrar\u00e1 nuestro Cabildo General Ordinario, a las 10:30 horas en primera convocatoria y a las 11 horas, en segunda, en los ...<\/div><\/li><li><a href=\"https:\/\/cofradiasanantonmurcia.com\/index.php\/2022\/01\/11\/fiestas-en-honor-a-san-anton-2022\/\">Fiestas en honor a San Ant\u00f3n 2022<\/a><div class=\"lcp_excerpt\">&nbsp;\nSe acercan las fiestas patronales en honor a nuestro patr\u00f3n, San Ant\u00f3n. Para celebrarlo, se han organizado los siguientes eventos, a los que esperamos su asistencia. Recuerde que estar\u00e1 la tradicional caseta de panecillos a la puerta de la Ermita, en el siguiente horario:&nbsp;\n&#8211; S\u00e1bado tarde (15 de enero) de 17 a 19 horas.\n&#8211; Domingo ...<\/div><\/li><\/ul>\n","protected":false},"excerpt":{"rendered":"<p>&nbsp;<\/p>\n","protected":false},"author":1,"featured_media":2401,"parent":0,"menu_order":0,"comment_status":"closed","ping_status":"closed","template":"","meta":{"_monsterinsights_skip_tracking":false,"_monsterinsights_sitenote_active":false,"_monsterinsights_sitenote_note":"","_monsterinsights_sitenote_category":0,"ngg_post_thumbnail":0,"footnotes":""},"class_list":["post-125","page","type-page","status-publish","has-post-thumbnail","hentry"],"yoast_head":"<!-- This site is optimized with the Yoast SEO plugin v17.9 - https:\/\/yoast.com\/wordpress\/plugins\/seo\/ -->\n<title>Agenda Cofrade<\/title>\n<meta name=\"description\" content=\"Celebraci\u00f3n este pr\u00f3ximo s\u00e1bado del XVIII aniversario de la refundaci\u00f3n de la Real y Muy Ilustre Cofrad\u00eda de San Ant\u00f3n de Murcia.\" \/>\n<meta name=\"robots\" content=\"index, follow, max-snippet:-1, max-image-preview:large, max-video-preview:-1\" \/>\n<link rel=\"canonical\" href=\"https:\/\/cofradiasanantonmurcia.com\/index.php\/agenda-cofrade\/\" \/>\n<meta property=\"og:locale\" content=\"es_ES\" \/>\n<meta property=\"og:type\" content=\"article\" \/>\n<meta property=\"og:title\" content=\"Agenda Cofrade\" \/>\n<meta property=\"og:description\" content=\"Celebraci\u00f3n este pr\u00f3ximo s\u00e1bado del XVIII aniversario de la refundaci\u00f3n de la Real y Muy Ilustre Cofrad\u00eda de San Ant\u00f3n de Murcia.\" \/>\n<meta property=\"og:url\" content=\"https:\/\/cofradiasanantonmurcia.com\/index.php\/agenda-cofrade\/\" \/>\n<meta property=\"og:site_name\" content=\"Real y Muy Ilustre Cofrad\u00eda de San Ant\u00f3n\" \/>\n<meta property=\"article:publisher\" content=\"https:\/\/www.facebook.com\/RealYMuyIlustreCofradiaSanAntonMurcia\/\" \/>\n<meta property=\"article:modified_time\" content=\"2026-03-22T17:42:19+00:00\" \/>\n<meta property=\"og:image\" content=\"http:\/\/cofradiasanantonmurcia.com\/wp-content\/uploads\/2019\/09\/20170923_204449-1024x784.jpg\" \/>\n\t<meta property=\"og:image:width\" content=\"1024\" \/>\n\t<meta property=\"og:image:height\" content=\"784\" \/>\n\t<meta property=\"og:image:type\" content=\"image\/jpeg\" \/>\n<meta name=\"twitter:card\" content=\"summary_large_image\" \/>\n<meta name=\"twitter:site\" content=\"@sanantoncofrad\" \/>\n<script type=\"application\/ld+json\" class=\"yoast-schema-graph\">{\"@context\":\"https:\/\/schema.org\",\"@graph\":[{\"@type\":\"Organization\",\"@id\":\"http:\/\/cofradiasanantonmurcia.com\/#organization\",\"name\":\"Real y Muy Ilustre Cofrad\\u00eda de San Ant\\u00f3n\",\"url\":\"http:\/\/cofradiasanantonmurcia.com\/\",\"sameAs\":[\"https:\/\/www.facebook.com\/RealYMuyIlustreCofradiaSanAntonMurcia\/\",\"https:\/\/www.instagram.com\/cofradiasananton\/\",\"https:\/\/twitter.com\/sanantoncofrad\"],\"logo\":{\"@type\":\"ImageObject\",\"@id\":\"http:\/\/cofradiasanantonmurcia.com\/#logo\",\"inLanguage\":\"es\",\"url\":\"http:\/\/cofradiasanantonmurcia.com\/wp-content\/uploads\/2019\/08\/FB_IMG_1517187655267-1.jpg\",\"contentUrl\":\"http:\/\/cofradiasanantonmurcia.com\/wp-content\/uploads\/2019\/08\/FB_IMG_1517187655267-1.jpg\",\"width\":1030,\"height\":1700,\"caption\":\"Real y Muy Ilustre Cofrad\\u00eda de San Ant\\u00f3n\"},\"image\":{\"@id\":\"http:\/\/cofradiasanantonmurcia.com\/#logo\"}},{\"@type\":\"WebSite\",\"@id\":\"http:\/\/cofradiasanantonmurcia.com\/#website\",\"url\":\"http:\/\/cofradiasanantonmurcia.com\/\",\"name\":\"Real y Muy Ilustre Cofrad\\u00eda de San Ant\\u00f3n\",\"description\":\"Web oficial\",\"publisher\":{\"@id\":\"http:\/\/cofradiasanantonmurcia.com\/#organization\"},\"potentialAction\":[{\"@type\":\"SearchAction\",\"target\":{\"@type\":\"EntryPoint\",\"urlTemplate\":\"http:\/\/cofradiasanantonmurcia.com\/?s={search_term_string}\"},\"query-input\":\"required name=search_term_string\"}],\"inLanguage\":\"es\"},{\"@type\":\"ImageObject\",\"@id\":\"https:\/\/cofradiasanantonmurcia.com\/index.php\/agenda-cofrade\/#primaryimage\",\"inLanguage\":\"es\",\"url\":\"https:\/\/cofradiasanantonmurcia.com\/wp-content\/uploads\/2019\/09\/20170923_204449.jpg\",\"contentUrl\":\"https:\/\/cofradiasanantonmurcia.com\/wp-content\/uploads\/2019\/09\/20170923_204449.jpg\",\"width\":3952,\"height\":3024},{\"@type\":\"WebPage\",\"@id\":\"https:\/\/cofradiasanantonmurcia.com\/index.php\/agenda-cofrade\/#webpage\",\"url\":\"https:\/\/cofradiasanantonmurcia.com\/index.php\/agenda-cofrade\/\",\"name\":\"Agenda Cofrade\",\"isPartOf\":{\"@id\":\"http:\/\/cofradiasanantonmurcia.com\/#website\"},\"primaryImageOfPage\":{\"@id\":\"https:\/\/cofradiasanantonmurcia.com\/index.php\/agenda-cofrade\/#primaryimage\"},\"datePublished\":\"2019-08-16T19:18:56+00:00\",\"dateModified\":\"2026-03-22T17:42:19+00:00\",\"description\":\"Celebraci\\u00f3n este pr\\u00f3ximo s\\u00e1bado del XVIII aniversario de la refundaci\\u00f3n de la Real y Muy Ilustre Cofrad\\u00eda de San Ant\\u00f3n de Murcia.\",\"breadcrumb\":{\"@id\":\"https:\/\/cofradiasanantonmurcia.com\/index.php\/agenda-cofrade\/#breadcrumb\"},\"inLanguage\":\"es\",\"potentialAction\":[{\"@type\":\"ReadAction\",\"target\":[\"https:\/\/cofradiasanantonmurcia.com\/index.php\/agenda-cofrade\/\"]}]},{\"@type\":\"BreadcrumbList\",\"@id\":\"https:\/\/cofradiasanantonmurcia.com\/index.php\/agenda-cofrade\/#breadcrumb\",\"itemListElement\":[{\"@type\":\"ListItem\",\"position\":1,\"name\":\"Portada\",\"item\":\"https:\/\/cofradiasanantonmurcia.com\/\"},{\"@type\":\"ListItem\",\"position\":2,\"name\":\"Agenda Cofrade\"}]}]}<\/script>\n<!-- \/ Yoast SEO plugin. -->","yoast_head_json":{"title":"Agenda Cofrade","description":"Celebraci\u00f3n este pr\u00f3ximo s\u00e1bado del XVIII aniversario de la refundaci\u00f3n de la Real y Muy Ilustre Cofrad\u00eda de San Ant\u00f3n de Murcia.","robots":{"index":"index","follow":"follow","max-snippet":"max-snippet:-1","max-image-preview":"max-image-preview:large","max-video-preview":"max-video-preview:-1"},"canonical":"https:\/\/cofradiasanantonmurcia.com\/index.php\/agenda-cofrade\/","og_locale":"es_ES","og_type":"article","og_title":"Agenda Cofrade","og_description":"Celebraci\u00f3n este pr\u00f3ximo s\u00e1bado del XVIII aniversario de la refundaci\u00f3n de la Real y Muy Ilustre Cofrad\u00eda de San Ant\u00f3n de Murcia.","og_url":"https:\/\/cofradiasanantonmurcia.com\/index.php\/agenda-cofrade\/","og_site_name":"Real y Muy Ilustre Cofrad\u00eda de San Ant\u00f3n","article_publisher":"https:\/\/www.facebook.com\/RealYMuyIlustreCofradiaSanAntonMurcia\/","article_modified_time":"2026-03-22T17:42:19+00:00","og_image":[{"width":1024,"height":784,"url":"http:\/\/cofradiasanantonmurcia.com\/wp-content\/uploads\/2019\/09\/20170923_204449-1024x784.jpg","type":"image\/jpeg"}],"twitter_card":"summary_large_image","twitter_site":"@sanantoncofrad","schema":{"@context":"https:\/\/schema.org","@graph":[{"@type":"Organization","@id":"http:\/\/cofradiasanantonmurcia.com\/#organization","name":"Real y Muy Ilustre Cofrad\u00eda de San Ant\u00f3n","url":"http:\/\/cofradiasanantonmurcia.com\/","sameAs":["https:\/\/www.facebook.com\/RealYMuyIlustreCofradiaSanAntonMurcia\/","https:\/\/www.instagram.com\/cofradiasananton\/","https:\/\/twitter.com\/sanantoncofrad"],"logo":{"@type":"ImageObject","@id":"http:\/\/cofradiasanantonmurcia.com\/#logo","inLanguage":"es","url":"http:\/\/cofradiasanantonmurcia.com\/wp-content\/uploads\/2019\/08\/FB_IMG_1517187655267-1.jpg","contentUrl":"http:\/\/cofradiasanantonmurcia.com\/wp-content\/uploads\/2019\/08\/FB_IMG_1517187655267-1.jpg","width":1030,"height":1700,"caption":"Real y Muy Ilustre Cofrad\u00eda de San Ant\u00f3n"},"image":{"@id":"http:\/\/cofradiasanantonmurcia.com\/#logo"}},{"@type":"WebSite","@id":"http:\/\/cofradiasanantonmurcia.com\/#website","url":"http:\/\/cofradiasanantonmurcia.com\/","name":"Real y Muy Ilustre Cofrad\u00eda de San Ant\u00f3n","description":"Web oficial","publisher":{"@id":"http:\/\/cofradiasanantonmurcia.com\/#organization"},"potentialAction":[{"@type":"SearchAction","target":{"@type":"EntryPoint","urlTemplate":"http:\/\/cofradiasanantonmurcia.com\/?s={search_term_string}"},"query-input":"required name=search_term_string"}],"inLanguage":"es"},{"@type":"ImageObject","@id":"https:\/\/cofradiasanantonmurcia.com\/index.php\/agenda-cofrade\/#primaryimage","inLanguage":"es","url":"https:\/\/cofradiasanantonmurcia.com\/wp-content\/uploads\/2019\/09\/20170923_204449.jpg","contentUrl":"https:\/\/cofradiasanantonmurcia.com\/wp-content\/uploads\/2019\/09\/20170923_204449.jpg","width":3952,"height":3024},{"@type":"WebPage","@id":"https:\/\/cofradiasanantonmurcia.com\/index.php\/agenda-cofrade\/#webpage","url":"https:\/\/cofradiasanantonmurcia.com\/index.php\/agenda-cofrade\/","name":"Agenda Cofrade","isPartOf":{"@id":"http:\/\/cofradiasanantonmurcia.com\/#website"},"primaryImageOfPage":{"@id":"https:\/\/cofradiasanantonmurcia.com\/index.php\/agenda-cofrade\/#primaryimage"},"datePublished":"2019-08-16T19:18:56+00:00","dateModified":"2026-03-22T17:42:19+00:00","description":"Celebraci\u00f3n este pr\u00f3ximo s\u00e1bado del XVIII aniversario de la refundaci\u00f3n de la Real y Muy Ilustre Cofrad\u00eda de San Ant\u00f3n de Murcia.","breadcrumb":{"@id":"https:\/\/cofradiasanantonmurcia.com\/index.php\/agenda-cofrade\/#breadcrumb"},"inLanguage":"es","potentialAction":[{"@type":"ReadAction","target":["https:\/\/cofradiasanantonmurcia.com\/index.php\/agenda-cofrade\/"]}]},{"@type":"BreadcrumbList","@id":"https:\/\/cofradiasanantonmurcia.com\/index.php\/agenda-cofrade\/#breadcrumb","itemListElement":[{"@type":"ListItem","position":1,"name":"Portada","item":"https:\/\/cofradiasanantonmurcia.com\/"},{"@type":"ListItem","position":2,"name":"Agenda Cofrade"}]}]}},"_links":{"self":[{"href":"https:\/\/cofradiasanantonmurcia.com\/index.php\/wp-json\/wp\/v2\/pages\/125","targetHints":{"allow":["GET"]}}],"collection":[{"href":"https:\/\/cofradiasanantonmurcia.com\/index.php\/wp-json\/wp\/v2\/pages"}],"about":[{"href":"https:\/\/cofradiasanantonmurcia.com\/index.php\/wp-json\/wp\/v2\/types\/page"}],"author":[{"embeddable":true,"href":"https:\/\/cofradiasanantonmurcia.com\/index.php\/wp-json\/wp\/v2\/users\/1"}],"replies":[{"embeddable":true,"href":"https:\/\/cofradiasanantonmurcia.com\/index.php\/wp-json\/wp\/v2\/comments?post=125"}],"version-history":[{"count":16,"href":"https:\/\/cofradiasanantonmurcia.com\/index.php\/wp-json\/wp\/v2\/pages\/125\/revisions"}],"predecessor-version":[{"id":2464,"href":"https:\/\/cofradiasanantonmurcia.com\/index.php\/wp-json\/wp\/v2\/pages\/125\/revisions\/2464"}],"wp:featuredmedia":[{"embeddable":true,"href":"https:\/\/cofradiasanantonmurcia.com\/index.php\/wp-json\/wp\/v2\/media\/2401"}],"wp:attachment":[{"href":"https:\/\/cofradiasanantonmurcia.com\/index.php\/wp-json\/wp\/v2\/media?parent=125"}],"curies":[{"name":"wp","href":"https:\/\/api.w.org\/{rel}","templated":true}]}}