{"id":222,"date":"2019-08-24T13:37:51","date_gmt":"2019-08-24T11:37:51","guid":{"rendered":"http:\/\/cofradiasanantonmurcia.com\/?page_id=222"},"modified":"2026-02-14T14:33:43","modified_gmt":"2026-02-14T13:33:43","slug":"boletines","status":"publish","type":"page","link":"https:\/\/cofradiasanantonmurcia.com\/index.php\/boletines\/","title":{"rendered":"Boletines"},"content":{"rendered":"<p style=\"text-align: center;\">&nbsp;<\/p>\n<p>Aqu\u00ed puedes encontrar todos los boletines \u00abDe San Ant\u00f3n\u00bb que la cofrad\u00eda edita cada a\u00f1o <em><strong>(pincha para previsualizaci\u00f3n y\/o descarga)<\/strong><\/em>:<\/p>\n<ul>\n<li style=\"list-style-type: none;\">\n<ul>\n<li><a href=\"https:\/\/cofradiasanantonmurcia.com\/wp-content\/uploads\/2026\/02\/Boletin-De-San-Anton-2026-num-21.pdf\">Bolet\u00edn \u00abDe San Ant\u00f3n\u00bb n\u00famero 21<\/a><\/li>\n<li><a href=\"https:\/\/cofradiasanantonmurcia.com\/wp-content\/uploads\/2025\/10\/Boletin-De-San-Anton-2025-num-20.pdf\">Bolet\u00edn \u00abDe San Ant\u00f3n\u00bb n\u00famero 20<\/a><\/li>\n<li><a href=\"https:\/\/cofradiasanantonmurcia.com\/wp-content\/uploads\/2025\/10\/Boletin-De-San-Anton-2024-num-19.pdf\">Bolet\u00edn \u00abDe San Ant\u00f3n\u00bb n\u00famero 19<\/a><\/li>\n<li><a href=\"https:\/\/cofradiasanantonmurcia.com\/wp-content\/uploads\/2025\/10\/Boletin-De-San-Anton-2023-num-18.pdf\" target=\"_blank\" rel=\"noopener noreferrer\">Bolet\u00edn \u00abDe San Ant\u00f3n\u00bb n\u00famero 18<\/a><\/li>\n<li><a href=\"https:\/\/cofradiasanantonmurcia.com\/wp-content\/uploads\/2025\/10\/Boletin-De-San-Anton-2022-num-17.pdf\" target=\"_blank\" rel=\"noopener noreferrer\">Bolet\u00edn \u00abDe San Ant\u00f3n\u00bb n\u00famero 17<\/a><\/li>\n<li><a href=\"https:\/\/cofradiasanantonmurcia.com\/wp-content\/uploads\/2025\/10\/Boletin-De-San-Anton-2021-num-16.pdf\" target=\"_blank\" rel=\"noopener noreferrer\">Bolet\u00edn \u00abDe San Ant\u00f3n\u00bb n\u00famero 16<\/a><\/li>\n<li><a href=\"https:\/\/cofradiasanantonmurcia.com\/wp-content\/uploads\/2025\/10\/Boletin-De-San-Anton-2020-num-15.pdf\">Bolet\u00edn \u00abDe San Ant\u00f3n\u00bb n\u00famero 15<\/a><\/li>\n<li><a href=\"https:\/\/cofradiasanantonmurcia.com\/wp-content\/uploads\/2025\/10\/Boletin-De-San-Anton-2019-num-14.pdf\">Bolet\u00edn \u00abDe San Ant\u00f3n\u00bb n\u00famero 14<\/a><\/li>\n<li><a href=\"https:\/\/cofradiasanantonmurcia.com\/wp-content\/uploads\/2025\/10\/Boletin-De-San-Anton-2018-num-13.pdf\" target=\"_blank\" rel=\"noopener\">Bolet\u00edn \u00abDe San Ant\u00f3n\u00bb n\u00famero 13<\/a><\/li>\n<li><a href=\"https:\/\/cofradiasanantonmurcia.com\/wp-content\/uploads\/2025\/10\/Boletin-De-San-Anton-2017-num-12.pdf\" target=\"_blank\" rel=\"noopener noreferrer\">Bolet\u00edn \u00abDe San Ant\u00f3n\u00bb n\u00famero 12<\/a><\/li>\n<li><a href=\"https:\/\/cofradiasanantonmurcia.com\/wp-content\/uploads\/2025\/10\/Boletin-De-San-Anton-2016-num-11.pdf\" target=\"_blank\" rel=\"noopener noreferrer\">Bolet\u00edn \u00abDe San Ant\u00f3n\u00bb n\u00famero 11<\/a><\/li>\n<li><a href=\"https:\/\/cofradiasanantonmurcia.com\/wp-content\/uploads\/2025\/10\/Boletin-De-San-Anton-2015-num-10.pdf\" target=\"_blank\" rel=\"noopener noreferrer\">Bolet\u00edn \u00abDe San Ant\u00f3n\u00bb n\u00famero 10<\/a><\/li>\n<li><a href=\"https:\/\/cofradiasanantonmurcia.com\/wp-content\/uploads\/2025\/10\/Boletin-De-San-Anton-2014-num-09.pdf\" target=\"_blank\" rel=\"noopener noreferrer\">Bolet\u00edn \u00abDe San Ant\u00f3n\u00bb n\u00famero 9<\/a><\/li>\n<li><a href=\"https:\/\/cofradiasanantonmurcia.com\/wp-content\/uploads\/2025\/10\/Boletin-De-San-Anton-2013-num-08.pdf\">Bolet\u00edn \u00abDe San Ant\u00f3n\u00bb n\u00famero 8<\/a><\/li>\n<li><a href=\"https:\/\/cofradiasanantonmurcia.com\/wp-content\/uploads\/2025\/10\/Boletin-De-San-Anton-2013-num-07.pdf\" target=\"_blank\" rel=\"noopener noreferrer\">Bolet\u00edn \u00abDe San Ant\u00f3n\u00bb n\u00famero 7<\/a><\/li>\n<li><a href=\"https:\/\/cofradiasanantonmurcia.com\/wp-content\/uploads\/2025\/10\/Boletin-De-San-Anton-2012-num-06.pdf\" target=\"_blank\" rel=\"noopener noreferrer\">Bolet\u00edn \u00abDe San Ant\u00f3n\u00bb n\u00famero 6<\/a><\/li>\n<li><a href=\"http:\/\/cofradiasanantonmurcia.com\/wp-content\/uploads\/2025\/10\/Boletin-De-San-Anton-2011-num-05.pdf\" target=\"_blank\" rel=\"noopener noreferrer\">Bolet\u00edn \u00abDe San Ant\u00f3n\u00bb n\u00famero 5<\/a><\/li>\n<li><a href=\"http:\/\/cofradiasanantonmurcia.com\/wp-content\/uploads\/2019\/08\/Boletin4.pdf\" target=\"_blank\" rel=\"noopener noreferrer\">Bolet\u00edn \u00abDe San Ant\u00f3n\u00bb <\/a><a href=\"https:\/\/cofradiasanantonmurcia.com\/wp-content\/uploads\/2025\/10\/Boletin-De-San-Anton-2008-num-04.pdf\">n\u00famero<\/a> <a href=\"http:\/\/cofradiasanantonmurcia.com\/wp-content\/uploads\/2019\/08\/Boletin4.pdf\" target=\"_blank\" rel=\"noopener noreferrer\">4<\/a><\/li>\n<li><a href=\"https:\/\/cofradiasanantonmurcia.com\/wp-content\/uploads\/2025\/10\/Boletin-De-San-Anton-2007-num-03.pdf\" target=\"_blank\" rel=\"noopener noreferrer\">Bolet\u00edn \u00abDe San Ant\u00f3n\u00bb n\u00famero 3<\/a><\/li>\n<li><a href=\"https:\/\/cofradiasanantonmurcia.com\/wp-content\/uploads\/2025\/10\/Boletin-De-San-Anton-2006-num-02.pdf\">Bolet\u00edn \u00abDe San Ant\u00f3n\u00bb n\u00famero 2<\/a><\/li>\n<li><a href=\"https:\/\/cofradiasanantonmurcia.com\/wp-content\/uploads\/2025\/10\/Boletin-De-San-Anton-2005-num-01.pdf\" target=\"_blank\" rel=\"noopener\">Bolet\u00edn \u00abDe San Ant\u00f3n\u00bb n\u00famero 1<\/a><\/li>\n<\/ul>\n<\/li>\n<\/ul>\n<p>&nbsp;<\/p>\n","protected":false},"excerpt":{"rendered":"<p>&nbsp; Aqu\u00ed puedes encontrar todos los boletines \u00abDe San Ant\u00f3n\u00bb que la cofrad\u00eda edita cada a\u00f1o (pincha para previsualizaci\u00f3n y\/o descarga): Bolet\u00edn \u00abDe San Ant\u00f3n\u00bb n\u00famero 21 Bolet\u00edn \u00abDe San Ant\u00f3n\u00bb n\u00famero 20 Bolet\u00edn \u00abDe San Ant\u00f3n\u00bb n\u00famero 19 Bolet\u00edn \u00abDe San&hellip;<\/p>\n","protected":false},"author":1,"featured_media":0,"parent":0,"menu_order":0,"comment_status":"closed","ping_status":"closed","template":"","meta":{"_monsterinsights_skip_tracking":false,"_monsterinsights_sitenote_active":false,"_monsterinsights_sitenote_note":"","_monsterinsights_sitenote_category":0,"ngg_post_thumbnail":0,"footnotes":""},"class_list":["post-222","page","type-page","status-publish","hentry"],"yoast_head":"<!-- This site is optimized with the Yoast SEO plugin v17.9 - https:\/\/yoast.com\/wordpress\/plugins\/seo\/ -->\n<title>Boletines &quot;De San Ant\u00f3n&quot;<\/title>\n<meta name=\"description\" content=\"Recoge todos los &quot;Boletines de San Ant\u00f3n&quot; editados por la Real y Muy Ilustre Cofrad\u00eda de San Ant\u00f3n desde su refundaci\u00f3n. Publicaci\u00f3n anual de la Cofrad\u00eda de San Ant\u00f3n.\" \/>\n<meta name=\"robots\" content=\"index, follow, max-snippet:-1, max-image-preview:large, max-video-preview:-1\" \/>\n<link rel=\"canonical\" href=\"https:\/\/cofradiasanantonmurcia.com\/index.php\/boletines\/\" \/>\n<meta property=\"og:locale\" content=\"es_ES\" \/>\n<meta property=\"og:type\" content=\"article\" \/>\n<meta property=\"og:title\" content=\"Boletines &quot;De San Ant\u00f3n&quot;\" \/>\n<meta property=\"og:description\" content=\"Recoge todos los &quot;Boletines de San Ant\u00f3n&quot; editados por la Real y Muy Ilustre Cofrad\u00eda de San Ant\u00f3n desde su refundaci\u00f3n. Publicaci\u00f3n anual de la Cofrad\u00eda de San Ant\u00f3n.\" \/>\n<meta property=\"og:url\" content=\"https:\/\/cofradiasanantonmurcia.com\/index.php\/boletines\/\" \/>\n<meta property=\"og:site_name\" content=\"Real y Muy Ilustre Cofrad\u00eda de San Ant\u00f3n\" \/>\n<meta property=\"article:publisher\" content=\"https:\/\/www.facebook.com\/RealYMuyIlustreCofradiaSanAntonMurcia\/\" \/>\n<meta property=\"article:modified_time\" content=\"2026-02-14T13:33:43+00:00\" \/>\n<meta name=\"twitter:card\" content=\"summary_large_image\" \/>\n<meta name=\"twitter:site\" content=\"@sanantoncofrad\" \/>\n<meta name=\"twitter:label1\" content=\"Tiempo de lectura\" \/>\n\t<meta name=\"twitter:data1\" content=\"1 minuto\" \/>\n<script type=\"application\/ld+json\" class=\"yoast-schema-graph\">{\"@context\":\"https:\/\/schema.org\",\"@graph\":[{\"@type\":\"Organization\",\"@id\":\"http:\/\/cofradiasanantonmurcia.com\/#organization\",\"name\":\"Real y Muy Ilustre Cofrad\\u00eda de San Ant\\u00f3n\",\"url\":\"http:\/\/cofradiasanantonmurcia.com\/\",\"sameAs\":[\"https:\/\/www.facebook.com\/RealYMuyIlustreCofradiaSanAntonMurcia\/\",\"https:\/\/www.instagram.com\/cofradiasananton\/\",\"https:\/\/twitter.com\/sanantoncofrad\"],\"logo\":{\"@type\":\"ImageObject\",\"@id\":\"http:\/\/cofradiasanantonmurcia.com\/#logo\",\"inLanguage\":\"es\",\"url\":\"http:\/\/cofradiasanantonmurcia.com\/wp-content\/uploads\/2019\/08\/FB_IMG_1517187655267-1.jpg\",\"contentUrl\":\"http:\/\/cofradiasanantonmurcia.com\/wp-content\/uploads\/2019\/08\/FB_IMG_1517187655267-1.jpg\",\"width\":1030,\"height\":1700,\"caption\":\"Real y Muy Ilustre Cofrad\\u00eda de San Ant\\u00f3n\"},\"image\":{\"@id\":\"http:\/\/cofradiasanantonmurcia.com\/#logo\"}},{\"@type\":\"WebSite\",\"@id\":\"http:\/\/cofradiasanantonmurcia.com\/#website\",\"url\":\"http:\/\/cofradiasanantonmurcia.com\/\",\"name\":\"Real y Muy Ilustre Cofrad\\u00eda de San Ant\\u00f3n\",\"description\":\"Web oficial\",\"publisher\":{\"@id\":\"http:\/\/cofradiasanantonmurcia.com\/#organization\"},\"potentialAction\":[{\"@type\":\"SearchAction\",\"target\":{\"@type\":\"EntryPoint\",\"urlTemplate\":\"http:\/\/cofradiasanantonmurcia.com\/?s={search_term_string}\"},\"query-input\":\"required name=search_term_string\"}],\"inLanguage\":\"es\"},{\"@type\":\"WebPage\",\"@id\":\"https:\/\/cofradiasanantonmurcia.com\/index.php\/boletines\/#webpage\",\"url\":\"https:\/\/cofradiasanantonmurcia.com\/index.php\/boletines\/\",\"name\":\"Boletines \\\"De San Ant\\u00f3n\\\"\",\"isPartOf\":{\"@id\":\"http:\/\/cofradiasanantonmurcia.com\/#website\"},\"datePublished\":\"2019-08-24T11:37:51+00:00\",\"dateModified\":\"2026-02-14T13:33:43+00:00\",\"description\":\"Recoge todos los \\\"Boletines de San Ant\\u00f3n\\\" editados por la Real y Muy Ilustre Cofrad\\u00eda de San Ant\\u00f3n desde su refundaci\\u00f3n. Publicaci\\u00f3n anual de la Cofrad\\u00eda de San Ant\\u00f3n.\",\"breadcrumb\":{\"@id\":\"https:\/\/cofradiasanantonmurcia.com\/index.php\/boletines\/#breadcrumb\"},\"inLanguage\":\"es\",\"potentialAction\":[{\"@type\":\"ReadAction\",\"target\":[\"https:\/\/cofradiasanantonmurcia.com\/index.php\/boletines\/\"]}]},{\"@type\":\"BreadcrumbList\",\"@id\":\"https:\/\/cofradiasanantonmurcia.com\/index.php\/boletines\/#breadcrumb\",\"itemListElement\":[{\"@type\":\"ListItem\",\"position\":1,\"name\":\"Portada\",\"item\":\"https:\/\/cofradiasanantonmurcia.com\/\"},{\"@type\":\"ListItem\",\"position\":2,\"name\":\"Boletines\"}]}]}<\/script>\n<!-- \/ Yoast SEO plugin. -->","yoast_head_json":{"title":"Boletines \"De San Ant\u00f3n\"","description":"Recoge todos los \"Boletines de San Ant\u00f3n\" editados por la Real y Muy Ilustre Cofrad\u00eda de San Ant\u00f3n desde su refundaci\u00f3n. Publicaci\u00f3n anual de la Cofrad\u00eda de San Ant\u00f3n.","robots":{"index":"index","follow":"follow","max-snippet":"max-snippet:-1","max-image-preview":"max-image-preview:large","max-video-preview":"max-video-preview:-1"},"canonical":"https:\/\/cofradiasanantonmurcia.com\/index.php\/boletines\/","og_locale":"es_ES","og_type":"article","og_title":"Boletines \"De San Ant\u00f3n\"","og_description":"Recoge todos los \"Boletines de San Ant\u00f3n\" editados por la Real y Muy Ilustre Cofrad\u00eda de San Ant\u00f3n desde su refundaci\u00f3n. Publicaci\u00f3n anual de la Cofrad\u00eda de San Ant\u00f3n.","og_url":"https:\/\/cofradiasanantonmurcia.com\/index.php\/boletines\/","og_site_name":"Real y Muy Ilustre Cofrad\u00eda de San Ant\u00f3n","article_publisher":"https:\/\/www.facebook.com\/RealYMuyIlustreCofradiaSanAntonMurcia\/","article_modified_time":"2026-02-14T13:33:43+00:00","twitter_card":"summary_large_image","twitter_site":"@sanantoncofrad","twitter_misc":{"Tiempo de lectura":"1 minuto"},"schema":{"@context":"https:\/\/schema.org","@graph":[{"@type":"Organization","@id":"http:\/\/cofradiasanantonmurcia.com\/#organization","name":"Real y Muy Ilustre Cofrad\u00eda de San Ant\u00f3n","url":"http:\/\/cofradiasanantonmurcia.com\/","sameAs":["https:\/\/www.facebook.com\/RealYMuyIlustreCofradiaSanAntonMurcia\/","https:\/\/www.instagram.com\/cofradiasananton\/","https:\/\/twitter.com\/sanantoncofrad"],"logo":{"@type":"ImageObject","@id":"http:\/\/cofradiasanantonmurcia.com\/#logo","inLanguage":"es","url":"http:\/\/cofradiasanantonmurcia.com\/wp-content\/uploads\/2019\/08\/FB_IMG_1517187655267-1.jpg","contentUrl":"http:\/\/cofradiasanantonmurcia.com\/wp-content\/uploads\/2019\/08\/FB_IMG_1517187655267-1.jpg","width":1030,"height":1700,"caption":"Real y Muy Ilustre Cofrad\u00eda de San Ant\u00f3n"},"image":{"@id":"http:\/\/cofradiasanantonmurcia.com\/#logo"}},{"@type":"WebSite","@id":"http:\/\/cofradiasanantonmurcia.com\/#website","url":"http:\/\/cofradiasanantonmurcia.com\/","name":"Real y Muy Ilustre Cofrad\u00eda de San Ant\u00f3n","description":"Web oficial","publisher":{"@id":"http:\/\/cofradiasanantonmurcia.com\/#organization"},"potentialAction":[{"@type":"SearchAction","target":{"@type":"EntryPoint","urlTemplate":"http:\/\/cofradiasanantonmurcia.com\/?s={search_term_string}"},"query-input":"required name=search_term_string"}],"inLanguage":"es"},{"@type":"WebPage","@id":"https:\/\/cofradiasanantonmurcia.com\/index.php\/boletines\/#webpage","url":"https:\/\/cofradiasanantonmurcia.com\/index.php\/boletines\/","name":"Boletines \"De San Ant\u00f3n\"","isPartOf":{"@id":"http:\/\/cofradiasanantonmurcia.com\/#website"},"datePublished":"2019-08-24T11:37:51+00:00","dateModified":"2026-02-14T13:33:43+00:00","description":"Recoge todos los \"Boletines de San Ant\u00f3n\" editados por la Real y Muy Ilustre Cofrad\u00eda de San Ant\u00f3n desde su refundaci\u00f3n. Publicaci\u00f3n anual de la Cofrad\u00eda de San Ant\u00f3n.","breadcrumb":{"@id":"https:\/\/cofradiasanantonmurcia.com\/index.php\/boletines\/#breadcrumb"},"inLanguage":"es","potentialAction":[{"@type":"ReadAction","target":["https:\/\/cofradiasanantonmurcia.com\/index.php\/boletines\/"]}]},{"@type":"BreadcrumbList","@id":"https:\/\/cofradiasanantonmurcia.com\/index.php\/boletines\/#breadcrumb","itemListElement":[{"@type":"ListItem","position":1,"name":"Portada","item":"https:\/\/cofradiasanantonmurcia.com\/"},{"@type":"ListItem","position":2,"name":"Boletines"}]}]}},"_links":{"self":[{"href":"https:\/\/cofradiasanantonmurcia.com\/index.php\/wp-json\/wp\/v2\/pages\/222","targetHints":{"allow":["GET"]}}],"collection":[{"href":"https:\/\/cofradiasanantonmurcia.com\/index.php\/wp-json\/wp\/v2\/pages"}],"about":[{"href":"https:\/\/cofradiasanantonmurcia.com\/index.php\/wp-json\/wp\/v2\/types\/page"}],"author":[{"embeddable":true,"href":"https:\/\/cofradiasanantonmurcia.com\/index.php\/wp-json\/wp\/v2\/users\/1"}],"replies":[{"embeddable":true,"href":"https:\/\/cofradiasanantonmurcia.com\/index.php\/wp-json\/wp\/v2\/comments?post=222"}],"version-history":[{"count":85,"href":"https:\/\/cofradiasanantonmurcia.com\/index.php\/wp-json\/wp\/v2\/pages\/222\/revisions"}],"predecessor-version":[{"id":4856,"href":"https:\/\/cofradiasanantonmurcia.com\/index.php\/wp-json\/wp\/v2\/pages\/222\/revisions\/4856"}],"wp:attachment":[{"href":"https:\/\/cofradiasanantonmurcia.com\/index.php\/wp-json\/wp\/v2\/media?parent=222"}],"curies":[{"name":"wp","href":"https:\/\/api.w.org\/{rel}","templated":true}]}}