{"id":3206,"date":"2021-01-07T14:12:05","date_gmt":"2021-01-07T13:12:05","guid":{"rendered":"http:\/\/cofradiasanantonmurcia.com\/?page_id=3206"},"modified":"2024-01-09T09:20:49","modified_gmt":"2024-01-09T08:20:49","slug":"retransmisiones","status":"publish","type":"page","link":"https:\/\/cofradiasanantonmurcia.com\/index.php\/retransmisiones\/","title":{"rendered":"Retransmisiones"},"content":{"rendered":"<h1 style=\"text-align: center;\"><b>Hist\u00f3rico de retransmisiones<\/b><\/h1>\n<div id=\"vidlive-embed-4561\">&nbsp;<\/div>\n<h4 style=\"text-align: center;\">&nbsp;Funci\u00f3n Principal (9 de enero de 2021)<\/h4>\n<div style=\"text-align: center;\"><iframe loading=\"lazy\" src=\"https:\/\/www.youtube.com\/embed\/4ZCyI9zdG5k\" width=\"560\" height=\"315\" frameborder=\"0\" allowfullscreen=\"allowfullscreen\"><\/iframe><\/div>\n<h4 style=\"text-align: center;\">Misa en honor a San Fulgencio (16 de enero de 2021)<\/h4>\n<div style=\"text-align: center;\"><iframe loading=\"lazy\" src=\"https:\/\/www.youtube.com\/embed\/Iy-81q_7Rjo\" width=\"560\" height=\"315\" frameborder=\"0\" allowfullscreen=\"allowfullscreen\"><\/iframe><\/div>\n<hr>\n<h4 style=\"text-align: center;\">Misa en honor a San Ant\u00f3n (17 de enero de 2021)<\/h4>\n<div style=\"text-align: center;\"><iframe loading=\"lazy\" src=\"https:\/\/www.youtube.com\/embed\/GmU6aJhCAls\" width=\"560\" height=\"315\" frameborder=\"0\" allowfullscreen=\"allowfullscreen\"><\/iframe><\/div>\n<div>&nbsp;<\/div>\n<div>&nbsp;<\/div>\n<div>\n<div style=\"text-align: center;\">&nbsp;<\/div>\n<\/div>\n<p style=\"text-align: center;\">Puedes seguir toda nuestra actividad a trav\u00e9s de nuestro canal de YouTube: <a href=\"https:\/\/www.youtube.com\/channel\/UCKciWAWDCaNq7FSY1q2G_UQ\" target=\"_blank\" rel=\"noopener noreferrer\">https:\/\/www.youtube.com\/channel\/UCKciWAWDCaNq7FSY1q2G_UQ<\/a><\/p>\n","protected":false},"excerpt":{"rendered":"<p>Hist\u00f3rico de retransmisiones &nbsp; &nbsp;Funci\u00f3n Principal (9 de enero de 2021) Misa en honor a San Fulgencio (16 de enero de 2021) Misa en honor a San Ant\u00f3n (17 de enero de 2021) &nbsp; &nbsp; &nbsp; Puedes seguir toda nuestra actividad a&hellip;<\/p>\n","protected":false},"author":1,"featured_media":3226,"parent":0,"menu_order":0,"comment_status":"closed","ping_status":"closed","template":"","meta":{"_monsterinsights_skip_tracking":false,"_monsterinsights_sitenote_active":false,"_monsterinsights_sitenote_note":"","_monsterinsights_sitenote_category":0,"ngg_post_thumbnail":0,"footnotes":""},"class_list":["post-3206","page","type-page","status-publish","has-post-thumbnail","hentry"],"yoast_head":"<!-- This site is optimized with the Yoast SEO plugin v17.9 - https:\/\/yoast.com\/wordpress\/plugins\/seo\/ -->\n<title>Retransmisiones - Real y Muy Ilustre Cofrad\u00eda de San Ant\u00f3n<\/title>\n<meta name=\"description\" content=\"Retransmisiones de los actos en torno a San Ant\u00f3n. Enero de 2021.\" \/>\n<meta name=\"robots\" content=\"index, follow, max-snippet:-1, max-image-preview:large, max-video-preview:-1\" \/>\n<link rel=\"canonical\" href=\"https:\/\/cofradiasanantonmurcia.com\/index.php\/retransmisiones\/\" \/>\n<meta property=\"og:locale\" content=\"es_ES\" \/>\n<meta property=\"og:type\" content=\"article\" \/>\n<meta property=\"og:title\" content=\"Retransmisiones - Real y Muy Ilustre Cofrad\u00eda de San Ant\u00f3n\" \/>\n<meta property=\"og:description\" content=\"Retransmisiones de los actos en torno a San Ant\u00f3n. Enero de 2021.\" \/>\n<meta property=\"og:url\" content=\"https:\/\/cofradiasanantonmurcia.com\/index.php\/retransmisiones\/\" \/>\n<meta property=\"og:site_name\" content=\"Real y Muy Ilustre Cofrad\u00eda de San Ant\u00f3n\" \/>\n<meta property=\"article:publisher\" content=\"https:\/\/www.facebook.com\/RealYMuyIlustreCofradiaSanAntonMurcia\/\" \/>\n<meta property=\"article:modified_time\" content=\"2024-01-09T08:20:49+00:00\" \/>\n<meta property=\"og:image\" content=\"https:\/\/cofradiasanantonmurcia.com\/wp-content\/uploads\/2021\/01\/IMG-20210107-WA0043.jpg\" \/>\n\t<meta property=\"og:image:width\" content=\"2048\" \/>\n\t<meta property=\"og:image:height\" content=\"1536\" \/>\n\t<meta property=\"og:image:type\" content=\"image\/jpeg\" \/>\n<meta name=\"twitter:card\" content=\"summary_large_image\" \/>\n<meta name=\"twitter:site\" content=\"@sanantoncofrad\" \/>\n<script type=\"application\/ld+json\" class=\"yoast-schema-graph\">{\"@context\":\"https:\/\/schema.org\",\"@graph\":[{\"@type\":\"Organization\",\"@id\":\"http:\/\/cofradiasanantonmurcia.com\/#organization\",\"name\":\"Real y Muy Ilustre Cofrad\\u00eda de San Ant\\u00f3n\",\"url\":\"http:\/\/cofradiasanantonmurcia.com\/\",\"sameAs\":[\"https:\/\/www.facebook.com\/RealYMuyIlustreCofradiaSanAntonMurcia\/\",\"https:\/\/www.instagram.com\/cofradiasananton\/\",\"https:\/\/twitter.com\/sanantoncofrad\"],\"logo\":{\"@type\":\"ImageObject\",\"@id\":\"http:\/\/cofradiasanantonmurcia.com\/#logo\",\"inLanguage\":\"es\",\"url\":\"http:\/\/cofradiasanantonmurcia.com\/wp-content\/uploads\/2019\/08\/FB_IMG_1517187655267-1.jpg\",\"contentUrl\":\"http:\/\/cofradiasanantonmurcia.com\/wp-content\/uploads\/2019\/08\/FB_IMG_1517187655267-1.jpg\",\"width\":1030,\"height\":1700,\"caption\":\"Real y Muy Ilustre Cofrad\\u00eda de San Ant\\u00f3n\"},\"image\":{\"@id\":\"http:\/\/cofradiasanantonmurcia.com\/#logo\"}},{\"@type\":\"WebSite\",\"@id\":\"http:\/\/cofradiasanantonmurcia.com\/#website\",\"url\":\"http:\/\/cofradiasanantonmurcia.com\/\",\"name\":\"Real y Muy Ilustre Cofrad\\u00eda de San Ant\\u00f3n\",\"description\":\"Web oficial\",\"publisher\":{\"@id\":\"http:\/\/cofradiasanantonmurcia.com\/#organization\"},\"potentialAction\":[{\"@type\":\"SearchAction\",\"target\":{\"@type\":\"EntryPoint\",\"urlTemplate\":\"http:\/\/cofradiasanantonmurcia.com\/?s={search_term_string}\"},\"query-input\":\"required name=search_term_string\"}],\"inLanguage\":\"es\"},{\"@type\":\"ImageObject\",\"@id\":\"https:\/\/cofradiasanantonmurcia.com\/index.php\/retransmisiones\/#primaryimage\",\"inLanguage\":\"es\",\"url\":\"https:\/\/cofradiasanantonmurcia.com\/wp-content\/uploads\/2021\/01\/IMG-20210107-WA0043.jpg\",\"contentUrl\":\"https:\/\/cofradiasanantonmurcia.com\/wp-content\/uploads\/2021\/01\/IMG-20210107-WA0043.jpg\",\"width\":2048,\"height\":1536},{\"@type\":\"WebPage\",\"@id\":\"https:\/\/cofradiasanantonmurcia.com\/index.php\/retransmisiones\/#webpage\",\"url\":\"https:\/\/cofradiasanantonmurcia.com\/index.php\/retransmisiones\/\",\"name\":\"Retransmisiones - Real y Muy Ilustre Cofrad\\u00eda de San Ant\\u00f3n\",\"isPartOf\":{\"@id\":\"http:\/\/cofradiasanantonmurcia.com\/#website\"},\"primaryImageOfPage\":{\"@id\":\"https:\/\/cofradiasanantonmurcia.com\/index.php\/retransmisiones\/#primaryimage\"},\"datePublished\":\"2021-01-07T13:12:05+00:00\",\"dateModified\":\"2024-01-09T08:20:49+00:00\",\"description\":\"Retransmisiones de los actos en torno a San Ant\\u00f3n. Enero de 2021.\",\"breadcrumb\":{\"@id\":\"https:\/\/cofradiasanantonmurcia.com\/index.php\/retransmisiones\/#breadcrumb\"},\"inLanguage\":\"es\",\"potentialAction\":[{\"@type\":\"ReadAction\",\"target\":[\"https:\/\/cofradiasanantonmurcia.com\/index.php\/retransmisiones\/\"]}]},{\"@type\":\"BreadcrumbList\",\"@id\":\"https:\/\/cofradiasanantonmurcia.com\/index.php\/retransmisiones\/#breadcrumb\",\"itemListElement\":[{\"@type\":\"ListItem\",\"position\":1,\"name\":\"Portada\",\"item\":\"https:\/\/cofradiasanantonmurcia.com\/\"},{\"@type\":\"ListItem\",\"position\":2,\"name\":\"Retransmisiones\"}]}]}<\/script>\n<!-- \/ Yoast SEO plugin. -->","yoast_head_json":{"title":"Retransmisiones - Real y Muy Ilustre Cofrad\u00eda de San Ant\u00f3n","description":"Retransmisiones de los actos en torno a San Ant\u00f3n. Enero de 2021.","robots":{"index":"index","follow":"follow","max-snippet":"max-snippet:-1","max-image-preview":"max-image-preview:large","max-video-preview":"max-video-preview:-1"},"canonical":"https:\/\/cofradiasanantonmurcia.com\/index.php\/retransmisiones\/","og_locale":"es_ES","og_type":"article","og_title":"Retransmisiones - Real y Muy Ilustre Cofrad\u00eda de San Ant\u00f3n","og_description":"Retransmisiones de los actos en torno a San Ant\u00f3n. Enero de 2021.","og_url":"https:\/\/cofradiasanantonmurcia.com\/index.php\/retransmisiones\/","og_site_name":"Real y Muy Ilustre Cofrad\u00eda de San Ant\u00f3n","article_publisher":"https:\/\/www.facebook.com\/RealYMuyIlustreCofradiaSanAntonMurcia\/","article_modified_time":"2024-01-09T08:20:49+00:00","og_image":[{"width":2048,"height":1536,"url":"https:\/\/cofradiasanantonmurcia.com\/wp-content\/uploads\/2021\/01\/IMG-20210107-WA0043.jpg","type":"image\/jpeg"}],"twitter_card":"summary_large_image","twitter_site":"@sanantoncofrad","schema":{"@context":"https:\/\/schema.org","@graph":[{"@type":"Organization","@id":"http:\/\/cofradiasanantonmurcia.com\/#organization","name":"Real y Muy Ilustre Cofrad\u00eda de San Ant\u00f3n","url":"http:\/\/cofradiasanantonmurcia.com\/","sameAs":["https:\/\/www.facebook.com\/RealYMuyIlustreCofradiaSanAntonMurcia\/","https:\/\/www.instagram.com\/cofradiasananton\/","https:\/\/twitter.com\/sanantoncofrad"],"logo":{"@type":"ImageObject","@id":"http:\/\/cofradiasanantonmurcia.com\/#logo","inLanguage":"es","url":"http:\/\/cofradiasanantonmurcia.com\/wp-content\/uploads\/2019\/08\/FB_IMG_1517187655267-1.jpg","contentUrl":"http:\/\/cofradiasanantonmurcia.com\/wp-content\/uploads\/2019\/08\/FB_IMG_1517187655267-1.jpg","width":1030,"height":1700,"caption":"Real y Muy Ilustre Cofrad\u00eda de San Ant\u00f3n"},"image":{"@id":"http:\/\/cofradiasanantonmurcia.com\/#logo"}},{"@type":"WebSite","@id":"http:\/\/cofradiasanantonmurcia.com\/#website","url":"http:\/\/cofradiasanantonmurcia.com\/","name":"Real y Muy Ilustre Cofrad\u00eda de San Ant\u00f3n","description":"Web oficial","publisher":{"@id":"http:\/\/cofradiasanantonmurcia.com\/#organization"},"potentialAction":[{"@type":"SearchAction","target":{"@type":"EntryPoint","urlTemplate":"http:\/\/cofradiasanantonmurcia.com\/?s={search_term_string}"},"query-input":"required name=search_term_string"}],"inLanguage":"es"},{"@type":"ImageObject","@id":"https:\/\/cofradiasanantonmurcia.com\/index.php\/retransmisiones\/#primaryimage","inLanguage":"es","url":"https:\/\/cofradiasanantonmurcia.com\/wp-content\/uploads\/2021\/01\/IMG-20210107-WA0043.jpg","contentUrl":"https:\/\/cofradiasanantonmurcia.com\/wp-content\/uploads\/2021\/01\/IMG-20210107-WA0043.jpg","width":2048,"height":1536},{"@type":"WebPage","@id":"https:\/\/cofradiasanantonmurcia.com\/index.php\/retransmisiones\/#webpage","url":"https:\/\/cofradiasanantonmurcia.com\/index.php\/retransmisiones\/","name":"Retransmisiones - Real y Muy Ilustre Cofrad\u00eda de San Ant\u00f3n","isPartOf":{"@id":"http:\/\/cofradiasanantonmurcia.com\/#website"},"primaryImageOfPage":{"@id":"https:\/\/cofradiasanantonmurcia.com\/index.php\/retransmisiones\/#primaryimage"},"datePublished":"2021-01-07T13:12:05+00:00","dateModified":"2024-01-09T08:20:49+00:00","description":"Retransmisiones de los actos en torno a San Ant\u00f3n. Enero de 2021.","breadcrumb":{"@id":"https:\/\/cofradiasanantonmurcia.com\/index.php\/retransmisiones\/#breadcrumb"},"inLanguage":"es","potentialAction":[{"@type":"ReadAction","target":["https:\/\/cofradiasanantonmurcia.com\/index.php\/retransmisiones\/"]}]},{"@type":"BreadcrumbList","@id":"https:\/\/cofradiasanantonmurcia.com\/index.php\/retransmisiones\/#breadcrumb","itemListElement":[{"@type":"ListItem","position":1,"name":"Portada","item":"https:\/\/cofradiasanantonmurcia.com\/"},{"@type":"ListItem","position":2,"name":"Retransmisiones"}]}]}},"_links":{"self":[{"href":"https:\/\/cofradiasanantonmurcia.com\/index.php\/wp-json\/wp\/v2\/pages\/3206","targetHints":{"allow":["GET"]}}],"collection":[{"href":"https:\/\/cofradiasanantonmurcia.com\/index.php\/wp-json\/wp\/v2\/pages"}],"about":[{"href":"https:\/\/cofradiasanantonmurcia.com\/index.php\/wp-json\/wp\/v2\/types\/page"}],"author":[{"embeddable":true,"href":"https:\/\/cofradiasanantonmurcia.com\/index.php\/wp-json\/wp\/v2\/users\/1"}],"replies":[{"embeddable":true,"href":"https:\/\/cofradiasanantonmurcia.com\/index.php\/wp-json\/wp\/v2\/comments?post=3206"}],"version-history":[{"count":27,"href":"https:\/\/cofradiasanantonmurcia.com\/index.php\/wp-json\/wp\/v2\/pages\/3206\/revisions"}],"predecessor-version":[{"id":3765,"href":"https:\/\/cofradiasanantonmurcia.com\/index.php\/wp-json\/wp\/v2\/pages\/3206\/revisions\/3765"}],"wp:featuredmedia":[{"embeddable":true,"href":"https:\/\/cofradiasanantonmurcia.com\/index.php\/wp-json\/wp\/v2\/media\/3226"}],"wp:attachment":[{"href":"https:\/\/cofradiasanantonmurcia.com\/index.php\/wp-json\/wp\/v2\/media?parent=3206"}],"curies":[{"name":"wp","href":"https:\/\/api.w.org\/{rel}","templated":true}]}}