{"id":3362,"date":"2023-09-13T08:45:22","date_gmt":"2023-09-13T06:45:22","guid":{"rendered":"http:\/\/cofradiasanantonmurcia.com\/?page_id=3362"},"modified":"2023-09-22T12:24:55","modified_gmt":"2023-09-22T10:24:55","slug":"servicio-de-comunicacion-gratuito-a-cofrades-por-whatsapp","status":"publish","type":"page","link":"https:\/\/cofradiasanantonmurcia.com\/index.php\/servicio-de-comunicacion-gratuito-a-cofrades-por-whatsapp\/","title":{"rendered":"Servicio de comunicaci\u00f3n al Cofrade por Whatsapp"},"content":{"rendered":"<h1 class=\"elementor-heading-title elementor-size-default\"><span style=\"color: #1c1c1c;\"><span style=\"font-family: Open Sans, sans-serif;\"><span style=\"font-size: x-large;\">\u00bf<\/span><\/span><\/span><span style=\"color: #1c1c1c;\"><span style=\"font-family: Open Sans, sans-serif;\"><span style=\"font-size: x-large;\">Para qu\u00e9 sirve el servicio de Whatsapp de la Cofrad\u00eda de San Ant\u00f3n<\/span><\/span><\/span><span style=\"color: #1c1c1c;\"><span style=\"font-family: Open Sans, sans-serif;\"><span style=\"font-size: x-large;\">?<\/span><\/span><\/span><\/h1>\n<p><span style=\"color: #1c1c1c;\"><span style=\"font-family: Open Sans, sans-serif;\"><span style=\"font-size: medium;\">Es un canal de comunicaci\u00f3n gratuita que ponemos a disposici\u00f3n de todos los miembros de la Cofrad\u00eda de San Ant\u00f3n que quieran recibir informaci\u00f3n sobre los actos y avisos que suceden durante todo el a\u00f1o.<\/span><\/span><\/span><\/p>\n<p><span style=\"color: #1c1c1c;\"><span style=\"font-family: Open Sans, sans-serif;\"><span style=\"font-size: medium;\">Se trata de una forma de poder transmitir las distintas actividades que realizamos, as\u00ed como una manera de mantenernos todos al d\u00eda sobre temas que nos puedan interesar.<\/span><\/span><\/span><\/p>\n<h6 class=\"western\"><span style=\"color: #1c1c1c;\"><span style=\"font-family: Open Sans, sans-serif;\"><span style=\"font-size: x-large;\">\u00bfQu\u00e9 NO es este servicio?<\/span><\/span><\/span><\/h6>\n<p><span style=\"color: #1c1c1c;\"><span style=\"font-family: Open Sans, sans-serif;\"><span style=\"font-size: medium;\">No se trata de un chat sino de un mero canal de informaci\u00f3n personal y privado para todos aquellos que compartimos el amor por nuestra Cofrad\u00eda y su d\u00eda a d\u00eda.<\/span><\/span><\/span><\/p>\n<p><span style=\"color: #1c1c1c;\"><span style=\"font-family: Open Sans, sans-serif;\"><span style=\"font-size: medium;\">Para preguntas, dudas, sobre el d\u00eda a d\u00eda de la Cofrad\u00eda de San Ant\u00f3n se dispone de otros medios como son:<\/span><\/span><\/span><\/p>\n<p><span style=\"color: #1c1c1c;\"><span style=\"font-family: Open Sans, sans-serif;\"><span style=\"font-size: medium;\">&#8211; Comunicaci\u00f3n y Protocolo: <a href=\"mailto:comunicacionyprensasananton@gmail.com\" target=\"_blank\" rel=\"noopener\">comunicacionyprensasananton@gmail.com<\/a> <\/span><\/span><\/span><\/p>\n<p><span style=\"color: #1c1c1c;\"><span style=\"font-family: Open Sans, sans-serif;\"><span style=\"font-size: medium;\">&#8212; Secretar\u00eda: <a href=\"mailto:secretariasananton@gmail.com\" target=\"_blank\" rel=\"noopener\">secretariasananton@gmail.com<\/a><\/span><\/span><\/span><\/p>\n<p><span style=\"color: #1c1c1c;\"><span style=\"font-family: Open Sans, sans-serif;\"><span style=\"font-size: medium;\">&#8211; Web:<a href=\"https:\/\/cofradiasanantonmurcia.com\/\" target=\"_blank\" rel=\"noopener\"> https:\/\/cofradiasanantonmurcia.com\/<\/a><\/span><\/span><\/span><\/p>\n<p><span style=\"color: #1c1c1c;\"><span style=\"font-family: Open Sans, sans-serif;\"><span style=\"font-size: medium;\">Este servicio cumple con la Ley de Protecci\u00f3n de Datos (RGPD) al no compartirse informaci\u00f3n alguna con ninguna otra persona o servicio que no sea la mera comunicaci\u00f3n de hechos y eventos de nuestra Cofrad\u00eda.<\/span><\/span><\/span><\/p>\n<h6 class=\"western\"><span style=\"color: #1c1c1c;\"><span style=\"font-family: Open Sans, sans-serif;\"><span style=\"font-size: x-large;\">\u00bfC\u00f3mo me doy de alta en este servicio gratuito?<\/span><\/span><\/span><\/h6>\n<p><span style=\"color: #1c1c1c;\"><span style=\"font-family: Open Sans, sans-serif;\"><span style=\"font-size: medium;\">Para solicitar el ALTA debe seguir los pasos que le indicamos a continuaci\u00f3n:<\/span><\/span><\/span><\/p>\n<ul>\n<li><span style=\"color: #1c1c1c;\"><span style=\"font-family: Open Sans, sans-serif;\"><span style=\"font-size: medium;\">Pinche aqu\u00ed :<em><strong>&nbsp;<a href=\"https:\/\/tinyurl.com\/cofradiasananton\" target=\"_blank\" rel=\"noopener\">WhatsApp Cofrad\u00eda San Ant\u00f3n<\/a><\/strong><\/em> y <\/span><\/span><\/span><span style=\"font-size: medium; font-family: 'Open Sans', sans-serif; color: #1c1c1c;\">cuando se abra WhatsApp en su m\u00f3vil, dele a enviar el mensaje que le aparece en su m\u00f3vil.<\/span><\/li>\n<\/ul>\n<ul>\n<li><span style=\"color: #1c1c1c;\"><span style=\"font-family: Open Sans, sans-serif;\"><span style=\"font-size: medium;\"><u><b>Para poder recibir correctamente los mensajes es necesario que nos guarde como contacto en su tel\u00e9fono.&nbsp;<\/b><\/u><\/span><\/span><\/span><\/li>\n<\/ul>\n<ul>\n<li><span style=\"color: #1c1c1c;\"> <span style=\"font-family: Open Sans, sans-serif;\"><span style=\"font-size: medium;\">No se trata de un servicio de alta inmediato ya que hemos de contrastar con nuestra base de datos que el tel\u00e9fono que solicita el alta est\u00e1 registrado dentro de la base de datos de nuestra Cofrad\u00eda.<\/span><\/span><\/span><\/li>\n<\/ul>\n<h6 class=\"western\"><span style=\"color: #1c1c1c;\"><span style=\"font-family: Open Sans, sans-serif;\"><span style=\"font-size: x-large;\">\u00bfPuedo darme de baja cuando quiera?<\/span><\/span><\/span><\/h6>\n<p><span style=\"color: #1c1c1c;\"><span style=\"font-family: Open Sans, sans-serif;\"><span style=\"font-size: medium;\">Por supuesto, basta con enviar un mensaje con la palabra \u201cBaja\u201d y ya no recibir\u00e1 m\u00e1s mensajes de ning\u00fan tipo. <u><b>Tanto el alta como la baja de este son servicios totalmente gratuitos<\/b><\/u>. <\/span><\/span><\/span><\/p>\n<h6 class=\"western\"><span style=\"color: #1c1c1c;\"><span style=\"font-family: Open Sans, sans-serif;\"><span style=\"font-size: x-large;\">\u00bfSe puede llamar por tel\u00e9fono a este n\u00famero para dudas?<\/span><\/span><\/span><\/h6>\n<p><span style=\"color: #1c1c1c;\"><span style=\"font-family: Open Sans, sans-serif;\"><span style=\"font-size: medium;\">No, este servicio, como hemos indicado, no recibe llamadas y tan solo permite el env\u00edo de mensajes de Whatsapp a los miembros de la Cofrad\u00eda que se hayan registrado previamente en \u00e9l.<\/span><\/span><\/span><\/p>\n","protected":false},"excerpt":{"rendered":"<p>\u00bfPara qu\u00e9 sirve el servicio de Whatsapp de la Cofrad\u00eda de San Ant\u00f3n? Es un canal de comunicaci\u00f3n gratuita que ponemos a disposici\u00f3n de todos los miembros de la Cofrad\u00eda de San Ant\u00f3n que quieran recibir informaci\u00f3n sobre los actos y avisos&hellip;<\/p>\n","protected":false},"author":1,"featured_media":0,"parent":0,"menu_order":0,"comment_status":"closed","ping_status":"closed","template":"","meta":{"_monsterinsights_skip_tracking":false,"_monsterinsights_sitenote_active":false,"_monsterinsights_sitenote_note":"","_monsterinsights_sitenote_category":0,"ngg_post_thumbnail":0,"footnotes":""},"class_list":["post-3362","page","type-page","status-publish","hentry"],"yoast_head":"<!-- This site is optimized with the Yoast SEO plugin v17.9 - https:\/\/yoast.com\/wordpress\/plugins\/seo\/ -->\n<title>Servicio de comunicaci\u00f3n al Cofrade por Whatsapp - Real y Muy Ilustre Cofrad\u00eda de San Ant\u00f3n<\/title>\n<meta name=\"description\" content=\"Informaci\u00f3n relativa al servicio de WhatsApp que ofrece a sus cofrades la Real y Muy Ilustre Cofrad\u00eda de San Ant\u00f3n (Murcia).\" \/>\n<meta name=\"robots\" content=\"index, follow, max-snippet:-1, max-image-preview:large, max-video-preview:-1\" \/>\n<link rel=\"canonical\" href=\"http:\/\/cofradiasanantonmurcia.com\/index.php\/servicio-de-comunicacion-gratuito-a-cofrades-por-whatsapp\/\" \/>\n<meta property=\"og:locale\" content=\"es_ES\" \/>\n<meta property=\"og:type\" content=\"article\" \/>\n<meta property=\"og:title\" content=\"Servicio de comunicaci\u00f3n al Cofrade por Whatsapp - Real y Muy Ilustre Cofrad\u00eda de San Ant\u00f3n\" \/>\n<meta property=\"og:description\" content=\"Informaci\u00f3n relativa al servicio de WhatsApp que ofrece a sus cofrades la Real y Muy Ilustre Cofrad\u00eda de San Ant\u00f3n (Murcia).\" \/>\n<meta property=\"og:url\" content=\"http:\/\/cofradiasanantonmurcia.com\/index.php\/servicio-de-comunicacion-gratuito-a-cofrades-por-whatsapp\/\" \/>\n<meta property=\"og:site_name\" content=\"Real y Muy Ilustre Cofrad\u00eda de San Ant\u00f3n\" \/>\n<meta property=\"article:publisher\" content=\"https:\/\/www.facebook.com\/RealYMuyIlustreCofradiaSanAntonMurcia\/\" \/>\n<meta property=\"article:modified_time\" content=\"2023-09-22T10:24:55+00:00\" \/>\n<meta name=\"twitter:card\" content=\"summary_large_image\" \/>\n<meta name=\"twitter:site\" content=\"@sanantoncofrad\" \/>\n<meta name=\"twitter:label1\" content=\"Tiempo de lectura\" \/>\n\t<meta name=\"twitter:data1\" content=\"2 minutos\" \/>\n<script type=\"application\/ld+json\" class=\"yoast-schema-graph\">{\"@context\":\"https:\/\/schema.org\",\"@graph\":[{\"@type\":\"Organization\",\"@id\":\"http:\/\/cofradiasanantonmurcia.com\/#organization\",\"name\":\"Real y Muy Ilustre Cofrad\\u00eda de San Ant\\u00f3n\",\"url\":\"http:\/\/cofradiasanantonmurcia.com\/\",\"sameAs\":[\"https:\/\/www.facebook.com\/RealYMuyIlustreCofradiaSanAntonMurcia\/\",\"https:\/\/www.instagram.com\/cofradiasananton\/\",\"https:\/\/twitter.com\/sanantoncofrad\"],\"logo\":{\"@type\":\"ImageObject\",\"@id\":\"http:\/\/cofradiasanantonmurcia.com\/#logo\",\"inLanguage\":\"es\",\"url\":\"http:\/\/cofradiasanantonmurcia.com\/wp-content\/uploads\/2019\/08\/FB_IMG_1517187655267-1.jpg\",\"contentUrl\":\"http:\/\/cofradiasanantonmurcia.com\/wp-content\/uploads\/2019\/08\/FB_IMG_1517187655267-1.jpg\",\"width\":1030,\"height\":1700,\"caption\":\"Real y Muy Ilustre Cofrad\\u00eda de San Ant\\u00f3n\"},\"image\":{\"@id\":\"http:\/\/cofradiasanantonmurcia.com\/#logo\"}},{\"@type\":\"WebSite\",\"@id\":\"http:\/\/cofradiasanantonmurcia.com\/#website\",\"url\":\"http:\/\/cofradiasanantonmurcia.com\/\",\"name\":\"Real y Muy Ilustre Cofrad\\u00eda de San Ant\\u00f3n\",\"description\":\"Web oficial\",\"publisher\":{\"@id\":\"http:\/\/cofradiasanantonmurcia.com\/#organization\"},\"potentialAction\":[{\"@type\":\"SearchAction\",\"target\":{\"@type\":\"EntryPoint\",\"urlTemplate\":\"http:\/\/cofradiasanantonmurcia.com\/?s={search_term_string}\"},\"query-input\":\"required name=search_term_string\"}],\"inLanguage\":\"es\"},{\"@type\":\"WebPage\",\"@id\":\"http:\/\/cofradiasanantonmurcia.com\/index.php\/servicio-de-comunicacion-gratuito-a-cofrades-por-whatsapp\/#webpage\",\"url\":\"http:\/\/cofradiasanantonmurcia.com\/index.php\/servicio-de-comunicacion-gratuito-a-cofrades-por-whatsapp\/\",\"name\":\"Servicio de comunicaci\\u00f3n al Cofrade por Whatsapp - Real y Muy Ilustre Cofrad\\u00eda de San Ant\\u00f3n\",\"isPartOf\":{\"@id\":\"http:\/\/cofradiasanantonmurcia.com\/#website\"},\"datePublished\":\"2023-09-13T06:45:22+00:00\",\"dateModified\":\"2023-09-22T10:24:55+00:00\",\"description\":\"Informaci\\u00f3n relativa al servicio de WhatsApp que ofrece a sus cofrades la Real y Muy Ilustre Cofrad\\u00eda de San Ant\\u00f3n (Murcia).\",\"breadcrumb\":{\"@id\":\"http:\/\/cofradiasanantonmurcia.com\/index.php\/servicio-de-comunicacion-gratuito-a-cofrades-por-whatsapp\/#breadcrumb\"},\"inLanguage\":\"es\",\"potentialAction\":[{\"@type\":\"ReadAction\",\"target\":[\"http:\/\/cofradiasanantonmurcia.com\/index.php\/servicio-de-comunicacion-gratuito-a-cofrades-por-whatsapp\/\"]}]},{\"@type\":\"BreadcrumbList\",\"@id\":\"http:\/\/cofradiasanantonmurcia.com\/index.php\/servicio-de-comunicacion-gratuito-a-cofrades-por-whatsapp\/#breadcrumb\",\"itemListElement\":[{\"@type\":\"ListItem\",\"position\":1,\"name\":\"Portada\",\"item\":\"https:\/\/cofradiasanantonmurcia.com\/\"},{\"@type\":\"ListItem\",\"position\":2,\"name\":\"Servicio de comunicaci\\u00f3n al Cofrade por Whatsapp\"}]}]}<\/script>\n<!-- \/ Yoast SEO plugin. -->","yoast_head_json":{"title":"Servicio de comunicaci\u00f3n al Cofrade por Whatsapp - Real y Muy Ilustre Cofrad\u00eda de San Ant\u00f3n","description":"Informaci\u00f3n relativa al servicio de WhatsApp que ofrece a sus cofrades la Real y Muy Ilustre Cofrad\u00eda de San Ant\u00f3n (Murcia).","robots":{"index":"index","follow":"follow","max-snippet":"max-snippet:-1","max-image-preview":"max-image-preview:large","max-video-preview":"max-video-preview:-1"},"canonical":"http:\/\/cofradiasanantonmurcia.com\/index.php\/servicio-de-comunicacion-gratuito-a-cofrades-por-whatsapp\/","og_locale":"es_ES","og_type":"article","og_title":"Servicio de comunicaci\u00f3n al Cofrade por Whatsapp - Real y Muy Ilustre Cofrad\u00eda de San Ant\u00f3n","og_description":"Informaci\u00f3n relativa al servicio de WhatsApp que ofrece a sus cofrades la Real y Muy Ilustre Cofrad\u00eda de San Ant\u00f3n (Murcia).","og_url":"http:\/\/cofradiasanantonmurcia.com\/index.php\/servicio-de-comunicacion-gratuito-a-cofrades-por-whatsapp\/","og_site_name":"Real y Muy Ilustre Cofrad\u00eda de San Ant\u00f3n","article_publisher":"https:\/\/www.facebook.com\/RealYMuyIlustreCofradiaSanAntonMurcia\/","article_modified_time":"2023-09-22T10:24:55+00:00","twitter_card":"summary_large_image","twitter_site":"@sanantoncofrad","twitter_misc":{"Tiempo de lectura":"2 minutos"},"schema":{"@context":"https:\/\/schema.org","@graph":[{"@type":"Organization","@id":"http:\/\/cofradiasanantonmurcia.com\/#organization","name":"Real y Muy Ilustre Cofrad\u00eda de San Ant\u00f3n","url":"http:\/\/cofradiasanantonmurcia.com\/","sameAs":["https:\/\/www.facebook.com\/RealYMuyIlustreCofradiaSanAntonMurcia\/","https:\/\/www.instagram.com\/cofradiasananton\/","https:\/\/twitter.com\/sanantoncofrad"],"logo":{"@type":"ImageObject","@id":"http:\/\/cofradiasanantonmurcia.com\/#logo","inLanguage":"es","url":"http:\/\/cofradiasanantonmurcia.com\/wp-content\/uploads\/2019\/08\/FB_IMG_1517187655267-1.jpg","contentUrl":"http:\/\/cofradiasanantonmurcia.com\/wp-content\/uploads\/2019\/08\/FB_IMG_1517187655267-1.jpg","width":1030,"height":1700,"caption":"Real y Muy Ilustre Cofrad\u00eda de San Ant\u00f3n"},"image":{"@id":"http:\/\/cofradiasanantonmurcia.com\/#logo"}},{"@type":"WebSite","@id":"http:\/\/cofradiasanantonmurcia.com\/#website","url":"http:\/\/cofradiasanantonmurcia.com\/","name":"Real y Muy Ilustre Cofrad\u00eda de San Ant\u00f3n","description":"Web oficial","publisher":{"@id":"http:\/\/cofradiasanantonmurcia.com\/#organization"},"potentialAction":[{"@type":"SearchAction","target":{"@type":"EntryPoint","urlTemplate":"http:\/\/cofradiasanantonmurcia.com\/?s={search_term_string}"},"query-input":"required name=search_term_string"}],"inLanguage":"es"},{"@type":"WebPage","@id":"http:\/\/cofradiasanantonmurcia.com\/index.php\/servicio-de-comunicacion-gratuito-a-cofrades-por-whatsapp\/#webpage","url":"http:\/\/cofradiasanantonmurcia.com\/index.php\/servicio-de-comunicacion-gratuito-a-cofrades-por-whatsapp\/","name":"Servicio de comunicaci\u00f3n al Cofrade por Whatsapp - Real y Muy Ilustre Cofrad\u00eda de San Ant\u00f3n","isPartOf":{"@id":"http:\/\/cofradiasanantonmurcia.com\/#website"},"datePublished":"2023-09-13T06:45:22+00:00","dateModified":"2023-09-22T10:24:55+00:00","description":"Informaci\u00f3n relativa al servicio de WhatsApp que ofrece a sus cofrades la Real y Muy Ilustre Cofrad\u00eda de San Ant\u00f3n (Murcia).","breadcrumb":{"@id":"http:\/\/cofradiasanantonmurcia.com\/index.php\/servicio-de-comunicacion-gratuito-a-cofrades-por-whatsapp\/#breadcrumb"},"inLanguage":"es","potentialAction":[{"@type":"ReadAction","target":["http:\/\/cofradiasanantonmurcia.com\/index.php\/servicio-de-comunicacion-gratuito-a-cofrades-por-whatsapp\/"]}]},{"@type":"BreadcrumbList","@id":"http:\/\/cofradiasanantonmurcia.com\/index.php\/servicio-de-comunicacion-gratuito-a-cofrades-por-whatsapp\/#breadcrumb","itemListElement":[{"@type":"ListItem","position":1,"name":"Portada","item":"https:\/\/cofradiasanantonmurcia.com\/"},{"@type":"ListItem","position":2,"name":"Servicio de comunicaci\u00f3n al Cofrade por Whatsapp"}]}]}},"_links":{"self":[{"href":"https:\/\/cofradiasanantonmurcia.com\/index.php\/wp-json\/wp\/v2\/pages\/3362","targetHints":{"allow":["GET"]}}],"collection":[{"href":"https:\/\/cofradiasanantonmurcia.com\/index.php\/wp-json\/wp\/v2\/pages"}],"about":[{"href":"https:\/\/cofradiasanantonmurcia.com\/index.php\/wp-json\/wp\/v2\/types\/page"}],"author":[{"embeddable":true,"href":"https:\/\/cofradiasanantonmurcia.com\/index.php\/wp-json\/wp\/v2\/users\/1"}],"replies":[{"embeddable":true,"href":"https:\/\/cofradiasanantonmurcia.com\/index.php\/wp-json\/wp\/v2\/comments?post=3362"}],"version-history":[{"count":22,"href":"https:\/\/cofradiasanantonmurcia.com\/index.php\/wp-json\/wp\/v2\/pages\/3362\/revisions"}],"predecessor-version":[{"id":3389,"href":"https:\/\/cofradiasanantonmurcia.com\/index.php\/wp-json\/wp\/v2\/pages\/3362\/revisions\/3389"}],"wp:attachment":[{"href":"https:\/\/cofradiasanantonmurcia.com\/index.php\/wp-json\/wp\/v2\/media?parent=3362"}],"curies":[{"name":"wp","href":"https:\/\/api.w.org\/{rel}","templated":true}]}}