{"id":3410,"date":"2023-12-18T16:21:32","date_gmt":"2023-12-18T15:21:32","guid":{"rendered":"https:\/\/cofradiasanantonmurcia.com\/?page_id=3410"},"modified":"2023-12-19T11:28:16","modified_gmt":"2023-12-19T10:28:16","slug":"2023-2","status":"publish","type":"page","link":"https:\/\/cofradiasanantonmurcia.com\/index.php\/galerias-de-fotos\/2023-2\/","title":{"rendered":"2023"},"content":{"rendered":"ngg_shortcode_0_placeholder\n","protected":false},"excerpt":{"rendered":"","protected":false},"author":1,"featured_media":3662,"parent":223,"menu_order":0,"comment_status":"closed","ping_status":"closed","template":"","meta":{"_monsterinsights_skip_tracking":false,"_monsterinsights_sitenote_active":false,"_monsterinsights_sitenote_note":"","_monsterinsights_sitenote_category":0,"ngg_post_thumbnail":0,"footnotes":""},"class_list":["post-3410","page","type-page","status-publish","has-post-thumbnail","hentry"],"yoast_head":"<!-- This site is optimized with the Yoast SEO plugin v17.9 - https:\/\/yoast.com\/wordpress\/plugins\/seo\/ -->\n<title>2023 - Real y Muy Ilustre Cofrad\u00eda de San Ant\u00f3n<\/title>\n<meta name=\"description\" content=\"Galer\u00eda de fotos relativa a la vida cofrade desarrollada durante el a\u00f1o 2023 y actos en los que hemos participado invitados como Cofrad\u00eda.\" \/>\n<meta name=\"robots\" content=\"index, follow, max-snippet:-1, max-image-preview:large, max-video-preview:-1\" \/>\n<link rel=\"canonical\" href=\"https:\/\/cofradiasanantonmurcia.com\/index.php\/galerias-de-fotos\/2023-2\/\" \/>\n<meta property=\"og:locale\" content=\"es_ES\" \/>\n<meta property=\"og:type\" content=\"article\" \/>\n<meta property=\"og:title\" content=\"2023 - Real y Muy Ilustre Cofrad\u00eda de San Ant\u00f3n\" \/>\n<meta property=\"og:description\" content=\"Galer\u00eda de fotos relativa a la vida cofrade desarrollada durante el a\u00f1o 2023 y actos en los que hemos participado invitados como Cofrad\u00eda.\" \/>\n<meta property=\"og:url\" content=\"https:\/\/cofradiasanantonmurcia.com\/index.php\/galerias-de-fotos\/2023-2\/\" \/>\n<meta property=\"og:site_name\" content=\"Real y Muy Ilustre Cofrad\u00eda de San Ant\u00f3n\" \/>\n<meta property=\"article:publisher\" content=\"https:\/\/www.facebook.com\/RealYMuyIlustreCofradiaSanAntonMurcia\/\" \/>\n<meta property=\"article:modified_time\" content=\"2023-12-19T10:28:16+00:00\" \/>\n<meta property=\"og:image\" content=\"http:\/\/cofradiasanantonmurcia.com\/wp-content\/uploads\/2023\/12\/20230528_115035_0000.png\" \/>\n\t<meta property=\"og:image:width\" content=\"1366\" \/>\n\t<meta property=\"og:image:height\" content=\"567\" \/>\n\t<meta property=\"og:image:type\" content=\"image\/png\" \/>\n<meta name=\"twitter:card\" content=\"summary_large_image\" \/>\n<meta name=\"twitter:site\" content=\"@sanantoncofrad\" \/>\n<script type=\"application\/ld+json\" class=\"yoast-schema-graph\">{\"@context\":\"https:\/\/schema.org\",\"@graph\":[{\"@type\":\"Organization\",\"@id\":\"http:\/\/cofradiasanantonmurcia.com\/#organization\",\"name\":\"Real y Muy Ilustre Cofrad\\u00eda de San Ant\\u00f3n\",\"url\":\"http:\/\/cofradiasanantonmurcia.com\/\",\"sameAs\":[\"https:\/\/www.facebook.com\/RealYMuyIlustreCofradiaSanAntonMurcia\/\",\"https:\/\/www.instagram.com\/cofradiasananton\/\",\"https:\/\/twitter.com\/sanantoncofrad\"],\"logo\":{\"@type\":\"ImageObject\",\"@id\":\"http:\/\/cofradiasanantonmurcia.com\/#logo\",\"inLanguage\":\"es\",\"url\":\"http:\/\/cofradiasanantonmurcia.com\/wp-content\/uploads\/2019\/08\/FB_IMG_1517187655267-1.jpg\",\"contentUrl\":\"http:\/\/cofradiasanantonmurcia.com\/wp-content\/uploads\/2019\/08\/FB_IMG_1517187655267-1.jpg\",\"width\":1030,\"height\":1700,\"caption\":\"Real y Muy Ilustre Cofrad\\u00eda de San Ant\\u00f3n\"},\"image\":{\"@id\":\"http:\/\/cofradiasanantonmurcia.com\/#logo\"}},{\"@type\":\"WebSite\",\"@id\":\"http:\/\/cofradiasanantonmurcia.com\/#website\",\"url\":\"http:\/\/cofradiasanantonmurcia.com\/\",\"name\":\"Real y Muy Ilustre Cofrad\\u00eda de San Ant\\u00f3n\",\"description\":\"Web oficial\",\"publisher\":{\"@id\":\"http:\/\/cofradiasanantonmurcia.com\/#organization\"},\"potentialAction\":[{\"@type\":\"SearchAction\",\"target\":{\"@type\":\"EntryPoint\",\"urlTemplate\":\"http:\/\/cofradiasanantonmurcia.com\/?s={search_term_string}\"},\"query-input\":\"required name=search_term_string\"}],\"inLanguage\":\"es\"},{\"@type\":\"ImageObject\",\"@id\":\"https:\/\/cofradiasanantonmurcia.com\/index.php\/galerias-de-fotos\/2023-2\/#primaryimage\",\"inLanguage\":\"es\",\"url\":\"https:\/\/cofradiasanantonmurcia.com\/wp-content\/uploads\/2023\/12\/20230528_115035_0000.png\",\"contentUrl\":\"https:\/\/cofradiasanantonmurcia.com\/wp-content\/uploads\/2023\/12\/20230528_115035_0000.png\",\"width\":1366,\"height\":567},{\"@type\":\"WebPage\",\"@id\":\"https:\/\/cofradiasanantonmurcia.com\/index.php\/galerias-de-fotos\/2023-2\/#webpage\",\"url\":\"https:\/\/cofradiasanantonmurcia.com\/index.php\/galerias-de-fotos\/2023-2\/\",\"name\":\"2023 - Real y Muy Ilustre Cofrad\\u00eda de San Ant\\u00f3n\",\"isPartOf\":{\"@id\":\"http:\/\/cofradiasanantonmurcia.com\/#website\"},\"primaryImageOfPage\":{\"@id\":\"https:\/\/cofradiasanantonmurcia.com\/index.php\/galerias-de-fotos\/2023-2\/#primaryimage\"},\"datePublished\":\"2023-12-18T15:21:32+00:00\",\"dateModified\":\"2023-12-19T10:28:16+00:00\",\"description\":\"Galer\\u00eda de fotos relativa a la vida cofrade desarrollada durante el a\\u00f1o 2023 y actos en los que hemos participado invitados como Cofrad\\u00eda.\",\"breadcrumb\":{\"@id\":\"https:\/\/cofradiasanantonmurcia.com\/index.php\/galerias-de-fotos\/2023-2\/#breadcrumb\"},\"inLanguage\":\"es\",\"potentialAction\":[{\"@type\":\"ReadAction\",\"target\":[\"https:\/\/cofradiasanantonmurcia.com\/index.php\/galerias-de-fotos\/2023-2\/\"]}]},{\"@type\":\"BreadcrumbList\",\"@id\":\"https:\/\/cofradiasanantonmurcia.com\/index.php\/galerias-de-fotos\/2023-2\/#breadcrumb\",\"itemListElement\":[{\"@type\":\"ListItem\",\"position\":1,\"name\":\"Portada\",\"item\":\"https:\/\/cofradiasanantonmurcia.com\/\"},{\"@type\":\"ListItem\",\"position\":2,\"name\":\"Galer\\u00edas de fotos\",\"item\":\"https:\/\/cofradiasanantonmurcia.com\/index.php\/galerias-de-fotos\/\"},{\"@type\":\"ListItem\",\"position\":3,\"name\":\"2023\"}]}]}<\/script>\n<!-- \/ Yoast SEO plugin. -->","yoast_head_json":{"title":"2023 - Real y Muy Ilustre Cofrad\u00eda de San Ant\u00f3n","description":"Galer\u00eda de fotos relativa a la vida cofrade desarrollada durante el a\u00f1o 2023 y actos en los que hemos participado invitados como Cofrad\u00eda.","robots":{"index":"index","follow":"follow","max-snippet":"max-snippet:-1","max-image-preview":"max-image-preview:large","max-video-preview":"max-video-preview:-1"},"canonical":"https:\/\/cofradiasanantonmurcia.com\/index.php\/galerias-de-fotos\/2023-2\/","og_locale":"es_ES","og_type":"article","og_title":"2023 - Real y Muy Ilustre Cofrad\u00eda de San Ant\u00f3n","og_description":"Galer\u00eda de fotos relativa a la vida cofrade desarrollada durante el a\u00f1o 2023 y actos en los que hemos participado invitados como Cofrad\u00eda.","og_url":"https:\/\/cofradiasanantonmurcia.com\/index.php\/galerias-de-fotos\/2023-2\/","og_site_name":"Real y Muy Ilustre Cofrad\u00eda de San Ant\u00f3n","article_publisher":"https:\/\/www.facebook.com\/RealYMuyIlustreCofradiaSanAntonMurcia\/","article_modified_time":"2023-12-19T10:28:16+00:00","og_image":[{"width":1366,"height":567,"url":"http:\/\/cofradiasanantonmurcia.com\/wp-content\/uploads\/2023\/12\/20230528_115035_0000.png","type":"image\/png"}],"twitter_card":"summary_large_image","twitter_site":"@sanantoncofrad","schema":{"@context":"https:\/\/schema.org","@graph":[{"@type":"Organization","@id":"http:\/\/cofradiasanantonmurcia.com\/#organization","name":"Real y Muy Ilustre Cofrad\u00eda de San Ant\u00f3n","url":"http:\/\/cofradiasanantonmurcia.com\/","sameAs":["https:\/\/www.facebook.com\/RealYMuyIlustreCofradiaSanAntonMurcia\/","https:\/\/www.instagram.com\/cofradiasananton\/","https:\/\/twitter.com\/sanantoncofrad"],"logo":{"@type":"ImageObject","@id":"http:\/\/cofradiasanantonmurcia.com\/#logo","inLanguage":"es","url":"http:\/\/cofradiasanantonmurcia.com\/wp-content\/uploads\/2019\/08\/FB_IMG_1517187655267-1.jpg","contentUrl":"http:\/\/cofradiasanantonmurcia.com\/wp-content\/uploads\/2019\/08\/FB_IMG_1517187655267-1.jpg","width":1030,"height":1700,"caption":"Real y Muy Ilustre Cofrad\u00eda de San Ant\u00f3n"},"image":{"@id":"http:\/\/cofradiasanantonmurcia.com\/#logo"}},{"@type":"WebSite","@id":"http:\/\/cofradiasanantonmurcia.com\/#website","url":"http:\/\/cofradiasanantonmurcia.com\/","name":"Real y Muy Ilustre Cofrad\u00eda de San Ant\u00f3n","description":"Web oficial","publisher":{"@id":"http:\/\/cofradiasanantonmurcia.com\/#organization"},"potentialAction":[{"@type":"SearchAction","target":{"@type":"EntryPoint","urlTemplate":"http:\/\/cofradiasanantonmurcia.com\/?s={search_term_string}"},"query-input":"required name=search_term_string"}],"inLanguage":"es"},{"@type":"ImageObject","@id":"https:\/\/cofradiasanantonmurcia.com\/index.php\/galerias-de-fotos\/2023-2\/#primaryimage","inLanguage":"es","url":"https:\/\/cofradiasanantonmurcia.com\/wp-content\/uploads\/2023\/12\/20230528_115035_0000.png","contentUrl":"https:\/\/cofradiasanantonmurcia.com\/wp-content\/uploads\/2023\/12\/20230528_115035_0000.png","width":1366,"height":567},{"@type":"WebPage","@id":"https:\/\/cofradiasanantonmurcia.com\/index.php\/galerias-de-fotos\/2023-2\/#webpage","url":"https:\/\/cofradiasanantonmurcia.com\/index.php\/galerias-de-fotos\/2023-2\/","name":"2023 - Real y Muy Ilustre Cofrad\u00eda de San Ant\u00f3n","isPartOf":{"@id":"http:\/\/cofradiasanantonmurcia.com\/#website"},"primaryImageOfPage":{"@id":"https:\/\/cofradiasanantonmurcia.com\/index.php\/galerias-de-fotos\/2023-2\/#primaryimage"},"datePublished":"2023-12-18T15:21:32+00:00","dateModified":"2023-12-19T10:28:16+00:00","description":"Galer\u00eda de fotos relativa a la vida cofrade desarrollada durante el a\u00f1o 2023 y actos en los que hemos participado invitados como Cofrad\u00eda.","breadcrumb":{"@id":"https:\/\/cofradiasanantonmurcia.com\/index.php\/galerias-de-fotos\/2023-2\/#breadcrumb"},"inLanguage":"es","potentialAction":[{"@type":"ReadAction","target":["https:\/\/cofradiasanantonmurcia.com\/index.php\/galerias-de-fotos\/2023-2\/"]}]},{"@type":"BreadcrumbList","@id":"https:\/\/cofradiasanantonmurcia.com\/index.php\/galerias-de-fotos\/2023-2\/#breadcrumb","itemListElement":[{"@type":"ListItem","position":1,"name":"Portada","item":"https:\/\/cofradiasanantonmurcia.com\/"},{"@type":"ListItem","position":2,"name":"Galer\u00edas de fotos","item":"https:\/\/cofradiasanantonmurcia.com\/index.php\/galerias-de-fotos\/"},{"@type":"ListItem","position":3,"name":"2023"}]}]}},"_links":{"self":[{"href":"https:\/\/cofradiasanantonmurcia.com\/index.php\/wp-json\/wp\/v2\/pages\/3410","targetHints":{"allow":["GET"]}}],"collection":[{"href":"https:\/\/cofradiasanantonmurcia.com\/index.php\/wp-json\/wp\/v2\/pages"}],"about":[{"href":"https:\/\/cofradiasanantonmurcia.com\/index.php\/wp-json\/wp\/v2\/types\/page"}],"author":[{"embeddable":true,"href":"https:\/\/cofradiasanantonmurcia.com\/index.php\/wp-json\/wp\/v2\/users\/1"}],"replies":[{"embeddable":true,"href":"https:\/\/cofradiasanantonmurcia.com\/index.php\/wp-json\/wp\/v2\/comments?post=3410"}],"version-history":[{"count":11,"href":"https:\/\/cofradiasanantonmurcia.com\/index.php\/wp-json\/wp\/v2\/pages\/3410\/revisions"}],"predecessor-version":[{"id":3670,"href":"https:\/\/cofradiasanantonmurcia.com\/index.php\/wp-json\/wp\/v2\/pages\/3410\/revisions\/3670"}],"up":[{"embeddable":true,"href":"https:\/\/cofradiasanantonmurcia.com\/index.php\/wp-json\/wp\/v2\/pages\/223"}],"wp:featuredmedia":[{"embeddable":true,"href":"https:\/\/cofradiasanantonmurcia.com\/index.php\/wp-json\/wp\/v2\/media\/3662"}],"wp:attachment":[{"href":"https:\/\/cofradiasanantonmurcia.com\/index.php\/wp-json\/wp\/v2\/media?parent=3410"}],"curies":[{"name":"wp","href":"https:\/\/api.w.org\/{rel}","templated":true}]}}