{"id":35,"date":"2019-08-16T19:31:07","date_gmt":"2019-08-16T17:31:07","guid":{"rendered":"http:\/\/cofradiasanantonmurcia.com\/?page_id=35"},"modified":"2025-04-10T19:59:11","modified_gmt":"2025-04-10T17:59:11","slug":"junta-de-gobierno","status":"publish","type":"page","link":"https:\/\/cofradiasanantonmurcia.com\/index.php\/junta-de-gobierno\/","title":{"rendered":"Junta de Gobierno 2023-2026"},"content":{"rendered":"\r\n<p>La Junta de Gobierno de la <strong>Real y Muy Ilustre Cofrad\u00eda de San Ant\u00f3n<\/strong>, proclamada en Cabildo Extraordinario de Elecciones el&nbsp; 23 de abril de 2023, y tras las actualizaciones realizadas, queda conformada por: <img decoding=\"async\" src=\"http:\/\/cofradiasanantonmurcia.com\/wp-content\/uploads\/2025\/04\/Orla-Junta-de-Gobierno-diciembre-2024-NREV.png\"><\/p>\r\n<p>&nbsp;<\/p>\r\n<p style=\"text-align: center;\"><br><br><\/p>","protected":false},"excerpt":{"rendered":"<p>La Junta de Gobierno de la Real y Muy Ilustre Cofrad\u00eda de San Ant\u00f3n, proclamada en Cabildo Extraordinario de Elecciones el&nbsp; 23 de abril de 2023, y tras las actualizaciones realizadas, queda conformada por: &nbsp;<\/p>\n","protected":false},"author":1,"featured_media":4447,"parent":0,"menu_order":0,"comment_status":"closed","ping_status":"closed","template":"","meta":{"_monsterinsights_skip_tracking":false,"_monsterinsights_sitenote_active":false,"_monsterinsights_sitenote_note":"","_monsterinsights_sitenote_category":0,"ngg_post_thumbnail":0,"footnotes":""},"class_list":["post-35","page","type-page","status-publish","has-post-thumbnail","hentry"],"yoast_head":"<!-- This site is optimized with the Yoast SEO plugin v17.9 - https:\/\/yoast.com\/wordpress\/plugins\/seo\/ -->\n<title>Junta de Gobierno de la Real y Muy Ilustre Cofrad\u00eda de San Ant\u00f3n<\/title>\n<meta name=\"description\" content=\"Relaci\u00f3n de miembros de la actual Junta de Gobierno de la Real y Muy Ilustre Cofrad\u00eda de San Ant\u00f3n de Murcia.\" \/>\n<meta name=\"robots\" content=\"index, follow, max-snippet:-1, max-image-preview:large, max-video-preview:-1\" \/>\n<link rel=\"canonical\" href=\"https:\/\/cofradiasanantonmurcia.com\/index.php\/junta-de-gobierno\/\" \/>\n<meta property=\"og:locale\" content=\"es_ES\" \/>\n<meta property=\"og:type\" content=\"article\" \/>\n<meta property=\"og:title\" content=\"Junta de Gobierno de la Real y Muy Ilustre Cofrad\u00eda de San Ant\u00f3n\" \/>\n<meta property=\"og:description\" content=\"Relaci\u00f3n de miembros de la actual Junta de Gobierno de la Real y Muy Ilustre Cofrad\u00eda de San Ant\u00f3n de Murcia.\" \/>\n<meta property=\"og:url\" content=\"https:\/\/cofradiasanantonmurcia.com\/index.php\/junta-de-gobierno\/\" \/>\n<meta property=\"og:site_name\" content=\"Real y Muy Ilustre Cofrad\u00eda de San Ant\u00f3n\" \/>\n<meta property=\"article:publisher\" content=\"https:\/\/www.facebook.com\/RealYMuyIlustreCofradiaSanAntonMurcia\/\" \/>\n<meta property=\"article:modified_time\" content=\"2025-04-10T17:59:11+00:00\" \/>\n<meta property=\"og:image\" content=\"http:\/\/cofradiasanantonmurcia.com\/wp-content\/uploads\/2025\/04\/Orla-Junta-de-Gobierno-diciembre-2024-NREV.png\" \/>\n\t<meta property=\"og:image:width\" content=\"2121\" \/>\n\t<meta property=\"og:image:height\" content=\"3000\" \/>\n\t<meta property=\"og:image:type\" content=\"image\/png\" \/>\n<meta name=\"twitter:card\" content=\"summary_large_image\" \/>\n<meta name=\"twitter:site\" content=\"@sanantoncofrad\" \/>\n<script type=\"application\/ld+json\" class=\"yoast-schema-graph\">{\"@context\":\"https:\/\/schema.org\",\"@graph\":[{\"@type\":\"Organization\",\"@id\":\"http:\/\/cofradiasanantonmurcia.com\/#organization\",\"name\":\"Real y Muy Ilustre Cofrad\\u00eda de San Ant\\u00f3n\",\"url\":\"http:\/\/cofradiasanantonmurcia.com\/\",\"sameAs\":[\"https:\/\/www.facebook.com\/RealYMuyIlustreCofradiaSanAntonMurcia\/\",\"https:\/\/www.instagram.com\/cofradiasananton\/\",\"https:\/\/twitter.com\/sanantoncofrad\"],\"logo\":{\"@type\":\"ImageObject\",\"@id\":\"http:\/\/cofradiasanantonmurcia.com\/#logo\",\"inLanguage\":\"es\",\"url\":\"http:\/\/cofradiasanantonmurcia.com\/wp-content\/uploads\/2019\/08\/FB_IMG_1517187655267-1.jpg\",\"contentUrl\":\"http:\/\/cofradiasanantonmurcia.com\/wp-content\/uploads\/2019\/08\/FB_IMG_1517187655267-1.jpg\",\"width\":1030,\"height\":1700,\"caption\":\"Real y Muy Ilustre Cofrad\\u00eda de San Ant\\u00f3n\"},\"image\":{\"@id\":\"http:\/\/cofradiasanantonmurcia.com\/#logo\"}},{\"@type\":\"WebSite\",\"@id\":\"http:\/\/cofradiasanantonmurcia.com\/#website\",\"url\":\"http:\/\/cofradiasanantonmurcia.com\/\",\"name\":\"Real y Muy Ilustre Cofrad\\u00eda de San Ant\\u00f3n\",\"description\":\"Web oficial\",\"publisher\":{\"@id\":\"http:\/\/cofradiasanantonmurcia.com\/#organization\"},\"potentialAction\":[{\"@type\":\"SearchAction\",\"target\":{\"@type\":\"EntryPoint\",\"urlTemplate\":\"http:\/\/cofradiasanantonmurcia.com\/?s={search_term_string}\"},\"query-input\":\"required name=search_term_string\"}],\"inLanguage\":\"es\"},{\"@type\":\"ImageObject\",\"@id\":\"https:\/\/cofradiasanantonmurcia.com\/index.php\/junta-de-gobierno\/#primaryimage\",\"inLanguage\":\"es\",\"url\":\"https:\/\/cofradiasanantonmurcia.com\/wp-content\/uploads\/2025\/04\/Orla-Junta-de-Gobierno-diciembre-2024-NREV.png\",\"contentUrl\":\"https:\/\/cofradiasanantonmurcia.com\/wp-content\/uploads\/2025\/04\/Orla-Junta-de-Gobierno-diciembre-2024-NREV.png\",\"width\":2121,\"height\":3000},{\"@type\":\"WebPage\",\"@id\":\"https:\/\/cofradiasanantonmurcia.com\/index.php\/junta-de-gobierno\/#webpage\",\"url\":\"https:\/\/cofradiasanantonmurcia.com\/index.php\/junta-de-gobierno\/\",\"name\":\"Junta de Gobierno de la Real y Muy Ilustre Cofrad\\u00eda de San Ant\\u00f3n\",\"isPartOf\":{\"@id\":\"http:\/\/cofradiasanantonmurcia.com\/#website\"},\"primaryImageOfPage\":{\"@id\":\"https:\/\/cofradiasanantonmurcia.com\/index.php\/junta-de-gobierno\/#primaryimage\"},\"datePublished\":\"2019-08-16T17:31:07+00:00\",\"dateModified\":\"2025-04-10T17:59:11+00:00\",\"description\":\"Relaci\\u00f3n de miembros de la actual Junta de Gobierno de la Real y Muy Ilustre Cofrad\\u00eda de San Ant\\u00f3n de Murcia.\",\"breadcrumb\":{\"@id\":\"https:\/\/cofradiasanantonmurcia.com\/index.php\/junta-de-gobierno\/#breadcrumb\"},\"inLanguage\":\"es\",\"potentialAction\":[{\"@type\":\"ReadAction\",\"target\":[\"https:\/\/cofradiasanantonmurcia.com\/index.php\/junta-de-gobierno\/\"]}]},{\"@type\":\"BreadcrumbList\",\"@id\":\"https:\/\/cofradiasanantonmurcia.com\/index.php\/junta-de-gobierno\/#breadcrumb\",\"itemListElement\":[{\"@type\":\"ListItem\",\"position\":1,\"name\":\"Portada\",\"item\":\"https:\/\/cofradiasanantonmurcia.com\/\"},{\"@type\":\"ListItem\",\"position\":2,\"name\":\"Junta de Gobierno 2023-2026\"}]}]}<\/script>\n<!-- \/ Yoast SEO plugin. -->","yoast_head_json":{"title":"Junta de Gobierno de la Real y Muy Ilustre Cofrad\u00eda de San Ant\u00f3n","description":"Relaci\u00f3n de miembros de la actual Junta de Gobierno de la Real y Muy Ilustre Cofrad\u00eda de San Ant\u00f3n de Murcia.","robots":{"index":"index","follow":"follow","max-snippet":"max-snippet:-1","max-image-preview":"max-image-preview:large","max-video-preview":"max-video-preview:-1"},"canonical":"https:\/\/cofradiasanantonmurcia.com\/index.php\/junta-de-gobierno\/","og_locale":"es_ES","og_type":"article","og_title":"Junta de Gobierno de la Real y Muy Ilustre Cofrad\u00eda de San Ant\u00f3n","og_description":"Relaci\u00f3n de miembros de la actual Junta de Gobierno de la Real y Muy Ilustre Cofrad\u00eda de San Ant\u00f3n de Murcia.","og_url":"https:\/\/cofradiasanantonmurcia.com\/index.php\/junta-de-gobierno\/","og_site_name":"Real y Muy Ilustre Cofrad\u00eda de San Ant\u00f3n","article_publisher":"https:\/\/www.facebook.com\/RealYMuyIlustreCofradiaSanAntonMurcia\/","article_modified_time":"2025-04-10T17:59:11+00:00","og_image":[{"width":2121,"height":3000,"url":"http:\/\/cofradiasanantonmurcia.com\/wp-content\/uploads\/2025\/04\/Orla-Junta-de-Gobierno-diciembre-2024-NREV.png","type":"image\/png"}],"twitter_card":"summary_large_image","twitter_site":"@sanantoncofrad","schema":{"@context":"https:\/\/schema.org","@graph":[{"@type":"Organization","@id":"http:\/\/cofradiasanantonmurcia.com\/#organization","name":"Real y Muy Ilustre Cofrad\u00eda de San Ant\u00f3n","url":"http:\/\/cofradiasanantonmurcia.com\/","sameAs":["https:\/\/www.facebook.com\/RealYMuyIlustreCofradiaSanAntonMurcia\/","https:\/\/www.instagram.com\/cofradiasananton\/","https:\/\/twitter.com\/sanantoncofrad"],"logo":{"@type":"ImageObject","@id":"http:\/\/cofradiasanantonmurcia.com\/#logo","inLanguage":"es","url":"http:\/\/cofradiasanantonmurcia.com\/wp-content\/uploads\/2019\/08\/FB_IMG_1517187655267-1.jpg","contentUrl":"http:\/\/cofradiasanantonmurcia.com\/wp-content\/uploads\/2019\/08\/FB_IMG_1517187655267-1.jpg","width":1030,"height":1700,"caption":"Real y Muy Ilustre Cofrad\u00eda de San Ant\u00f3n"},"image":{"@id":"http:\/\/cofradiasanantonmurcia.com\/#logo"}},{"@type":"WebSite","@id":"http:\/\/cofradiasanantonmurcia.com\/#website","url":"http:\/\/cofradiasanantonmurcia.com\/","name":"Real y Muy Ilustre Cofrad\u00eda de San Ant\u00f3n","description":"Web oficial","publisher":{"@id":"http:\/\/cofradiasanantonmurcia.com\/#organization"},"potentialAction":[{"@type":"SearchAction","target":{"@type":"EntryPoint","urlTemplate":"http:\/\/cofradiasanantonmurcia.com\/?s={search_term_string}"},"query-input":"required name=search_term_string"}],"inLanguage":"es"},{"@type":"ImageObject","@id":"https:\/\/cofradiasanantonmurcia.com\/index.php\/junta-de-gobierno\/#primaryimage","inLanguage":"es","url":"https:\/\/cofradiasanantonmurcia.com\/wp-content\/uploads\/2025\/04\/Orla-Junta-de-Gobierno-diciembre-2024-NREV.png","contentUrl":"https:\/\/cofradiasanantonmurcia.com\/wp-content\/uploads\/2025\/04\/Orla-Junta-de-Gobierno-diciembre-2024-NREV.png","width":2121,"height":3000},{"@type":"WebPage","@id":"https:\/\/cofradiasanantonmurcia.com\/index.php\/junta-de-gobierno\/#webpage","url":"https:\/\/cofradiasanantonmurcia.com\/index.php\/junta-de-gobierno\/","name":"Junta de Gobierno de la Real y Muy Ilustre Cofrad\u00eda de San Ant\u00f3n","isPartOf":{"@id":"http:\/\/cofradiasanantonmurcia.com\/#website"},"primaryImageOfPage":{"@id":"https:\/\/cofradiasanantonmurcia.com\/index.php\/junta-de-gobierno\/#primaryimage"},"datePublished":"2019-08-16T17:31:07+00:00","dateModified":"2025-04-10T17:59:11+00:00","description":"Relaci\u00f3n de miembros de la actual Junta de Gobierno de la Real y Muy Ilustre Cofrad\u00eda de San Ant\u00f3n de Murcia.","breadcrumb":{"@id":"https:\/\/cofradiasanantonmurcia.com\/index.php\/junta-de-gobierno\/#breadcrumb"},"inLanguage":"es","potentialAction":[{"@type":"ReadAction","target":["https:\/\/cofradiasanantonmurcia.com\/index.php\/junta-de-gobierno\/"]}]},{"@type":"BreadcrumbList","@id":"https:\/\/cofradiasanantonmurcia.com\/index.php\/junta-de-gobierno\/#breadcrumb","itemListElement":[{"@type":"ListItem","position":1,"name":"Portada","item":"https:\/\/cofradiasanantonmurcia.com\/"},{"@type":"ListItem","position":2,"name":"Junta de Gobierno 2023-2026"}]}]}},"_links":{"self":[{"href":"https:\/\/cofradiasanantonmurcia.com\/index.php\/wp-json\/wp\/v2\/pages\/35","targetHints":{"allow":["GET"]}}],"collection":[{"href":"https:\/\/cofradiasanantonmurcia.com\/index.php\/wp-json\/wp\/v2\/pages"}],"about":[{"href":"https:\/\/cofradiasanantonmurcia.com\/index.php\/wp-json\/wp\/v2\/types\/page"}],"author":[{"embeddable":true,"href":"https:\/\/cofradiasanantonmurcia.com\/index.php\/wp-json\/wp\/v2\/users\/1"}],"replies":[{"embeddable":true,"href":"https:\/\/cofradiasanantonmurcia.com\/index.php\/wp-json\/wp\/v2\/comments?post=35"}],"version-history":[{"count":34,"href":"https:\/\/cofradiasanantonmurcia.com\/index.php\/wp-json\/wp\/v2\/pages\/35\/revisions"}],"predecessor-version":[{"id":4451,"href":"https:\/\/cofradiasanantonmurcia.com\/index.php\/wp-json\/wp\/v2\/pages\/35\/revisions\/4451"}],"wp:featuredmedia":[{"embeddable":true,"href":"https:\/\/cofradiasanantonmurcia.com\/index.php\/wp-json\/wp\/v2\/media\/4447"}],"wp:attachment":[{"href":"https:\/\/cofradiasanantonmurcia.com\/index.php\/wp-json\/wp\/v2\/media?parent=35"}],"curies":[{"name":"wp","href":"https:\/\/api.w.org\/{rel}","templated":true}]}}