{"id":36,"date":"2019-08-16T19:31:07","date_gmt":"2019-08-16T17:31:07","guid":{"rendered":"http:\/\/cofradiasanantonmurcia.com\/?page_id=36"},"modified":"2026-02-14T16:02:19","modified_gmt":"2026-02-14T15:02:19","slug":"hazte-cofrade","status":"publish","type":"page","link":"https:\/\/cofradiasanantonmurcia.com\/index.php\/hazte-cofrade\/","title":{"rendered":"Hazte Cofrade"},"content":{"rendered":"<p>&nbsp;<\/p>\n<p>Si quieres ingresar como hermano cofrade solamente tienes que seguir los siguientes pasos:<\/p>\n<p>&nbsp;<\/p>\n<p>1. Imprimir y cumplimentar todas las hojas del documento, <strong>asegur\u00e1ndote de que est\u00e1n firmadas:<\/strong><\/p>\n<p>&nbsp;<\/p>\n<h1 style=\"text-align: center;\">&#8211;&nbsp;<a href=\"https:\/\/cofradiasanantonmurcia.com\/wp-content\/uploads\/2026\/02\/CSA-SOLICITUD-DE-INGRESO-V25.02.pdf\" target=\"_blank\" rel=\"noopener noreferrer\">Solicitud para ser Cofrade<\/a><\/h1>\n<p style=\"text-align: center;\">&nbsp; &nbsp; &nbsp; &nbsp; &nbsp; &nbsp; &nbsp; &nbsp; &nbsp;&nbsp;<\/p>\n<p>2. Hac\u00e9rnoslos llegar, para lo que te ofrecemos dos opciones:<\/p>\n<p>&nbsp;<\/p>\n<ul>\n<li style=\"text-align: left;\">Enviarlos por correo ordinario a:<\/li>\n<\/ul>\n<h3 style=\"text-align: center;\"><strong>Real y Muy Ilustre Cofrad\u00eda San Ant\u00f3n&nbsp;<\/strong><\/h3>\n<p style=\"text-align: center;\"><strong>(Parroquia San Francisco Javier-San Ant\u00f3n)<\/strong><\/p>\n<p style=\"text-align: center;\"><strong>Calle Isaac Alb\u00e9niz, 12,<\/strong><\/p>\n<p style=\"text-align: center;\"><strong>30009 Murcia (Espa\u00f1a)<\/strong><\/p>\n<p>&nbsp;<\/p>\n<ul>\n<li style=\"text-align: left;\">Mandarlo escaneado (o firmado digitalmente) por correo electr\u00f3nico a la Secretar\u00eda: &nbsp;&nbsp; &nbsp;&nbsp; &nbsp;&nbsp;<strong style=\"text-align: center; font-size: 1rem;\"><a href=\"mailto:Secretariasananton@gmail.com\">Secretariasananton@gmail.com<\/a><\/strong><\/li>\n<\/ul>\n<p>&nbsp;<\/p>\n<p>Si tienes alguna duda, puedes ponerte en contacto con nosotros a trav\u00e9s de la direcci\u00f3n electr\u00f3nica anterior o en el tel\u00e9fono 968 29 29 00. Tambi\u00e9n estamos a tu disposici\u00f3n en <a href=\"https:\/\/www.facebook.com\/RealYMuyIlustreCofradiaSanAntonMurcia\/\" target=\"_blank\" rel=\"noopener noreferrer\">Facebook<\/a>,<a href=\"https:\/\/instagram.com\/cofradiasananton\" target=\"_blank\" rel=\"noopener noreferrer\"> Instagram<\/a> y <a href=\"https:\/\/twitter.com\/sanantoncofrad\" target=\"_blank\" rel=\"noopener noreferrer\">X (Twitter)<\/a>.<\/p>\n<p>&nbsp;<\/p>\n<p style=\"text-align: center;\">\u00a1Te estamos esperando!<\/p>\n<p>&nbsp;<\/p>\n<div style=\"width: 480px;\" class=\"wp-video\"><video class=\"wp-video-shortcode\" id=\"video-36-1\" width=\"480\" height=\"864\" preload=\"auto\" controls=\"controls\"><source type=\"video\/mp4\" src=\"http:\/\/cofradiasanantonmurcia.com\/wp-content\/uploads\/2024\/01\/Por-que-ser-Cofrade.mp4?_=1\" \/><a href=\"http:\/\/cofradiasanantonmurcia.com\/wp-content\/uploads\/2024\/01\/Por-que-ser-Cofrade.mp4\">http:\/\/cofradiasanantonmurcia.com\/wp-content\/uploads\/2024\/01\/Por-que-ser-Cofrade.mp4<\/a><\/video><\/div>\n<p>&nbsp;<\/p>\n<p style=\"text-align: center;\">&nbsp;<\/p>\n<p>&nbsp;<\/p>\n","protected":false},"excerpt":{"rendered":"<p>&nbsp; Si quieres ingresar como hermano cofrade solamente tienes que seguir los siguientes pasos: &nbsp; 1. Imprimir y cumplimentar todas las hojas del documento, asegur\u00e1ndote de que est\u00e1n firmadas: &nbsp; &#8211;&nbsp;Solicitud para ser Cofrade &nbsp; &nbsp; &nbsp; &nbsp; &nbsp; &nbsp; &nbsp; &nbsp;&hellip;<\/p>\n","protected":false},"author":1,"featured_media":2505,"parent":0,"menu_order":0,"comment_status":"closed","ping_status":"closed","template":"","meta":{"_monsterinsights_skip_tracking":false,"_monsterinsights_sitenote_active":false,"_monsterinsights_sitenote_note":"","_monsterinsights_sitenote_category":0,"ngg_post_thumbnail":0,"footnotes":""},"class_list":["post-36","page","type-page","status-publish","has-post-thumbnail","hentry"],"yoast_head":"<!-- This site is optimized with the Yoast SEO plugin v17.9 - https:\/\/yoast.com\/wordpress\/plugins\/seo\/ -->\n<title>Hazte Cofrade<\/title>\n<meta name=\"robots\" content=\"index, follow, max-snippet:-1, max-image-preview:large, max-video-preview:-1\" \/>\n<link rel=\"canonical\" href=\"https:\/\/cofradiasanantonmurcia.com\/index.php\/hazte-cofrade\/\" \/>\n<meta property=\"og:locale\" content=\"es_ES\" \/>\n<meta property=\"og:type\" content=\"article\" \/>\n<meta property=\"og:title\" content=\"Hazte Cofrade\" \/>\n<meta property=\"og:description\" content=\"&nbsp; Si quieres ingresar como hermano cofrade solamente tienes que seguir los siguientes pasos: &nbsp; 1. Imprimir y cumplimentar todas las hojas del documento, asegur\u00e1ndote de que est\u00e1n firmadas: &nbsp; &#8211;&nbsp;Solicitud para ser Cofrade &nbsp; &nbsp; &nbsp; &nbsp; &nbsp; &nbsp; &nbsp; &nbsp;&hellip;\" \/>\n<meta property=\"og:url\" content=\"https:\/\/cofradiasanantonmurcia.com\/index.php\/hazte-cofrade\/\" \/>\n<meta property=\"og:site_name\" content=\"Real y Muy Ilustre Cofrad\u00eda de San Ant\u00f3n\" \/>\n<meta property=\"article:publisher\" content=\"https:\/\/www.facebook.com\/RealYMuyIlustreCofradiaSanAntonMurcia\/\" \/>\n<meta property=\"article:modified_time\" content=\"2026-02-14T15:02:19+00:00\" \/>\n<meta property=\"og:image\" content=\"http:\/\/cofradiasanantonmurcia.com\/wp-content\/uploads\/2020\/01\/IMG_20200105_133432.jpg\" \/>\n\t<meta property=\"og:image:width\" content=\"1080\" \/>\n\t<meta property=\"og:image:height\" content=\"1072\" \/>\n\t<meta property=\"og:image:type\" content=\"image\/jpeg\" \/>\n<meta name=\"twitter:card\" content=\"summary_large_image\" \/>\n<meta name=\"twitter:site\" content=\"@sanantoncofrad\" \/>\n<meta name=\"twitter:label1\" content=\"Tiempo de lectura\" \/>\n\t<meta name=\"twitter:data1\" content=\"1 minuto\" \/>\n<script type=\"application\/ld+json\" class=\"yoast-schema-graph\">{\"@context\":\"https:\/\/schema.org\",\"@graph\":[{\"@type\":\"Organization\",\"@id\":\"http:\/\/cofradiasanantonmurcia.com\/#organization\",\"name\":\"Real y Muy Ilustre Cofrad\\u00eda de San Ant\\u00f3n\",\"url\":\"http:\/\/cofradiasanantonmurcia.com\/\",\"sameAs\":[\"https:\/\/www.facebook.com\/RealYMuyIlustreCofradiaSanAntonMurcia\/\",\"https:\/\/www.instagram.com\/cofradiasananton\/\",\"https:\/\/twitter.com\/sanantoncofrad\"],\"logo\":{\"@type\":\"ImageObject\",\"@id\":\"http:\/\/cofradiasanantonmurcia.com\/#logo\",\"inLanguage\":\"es\",\"url\":\"http:\/\/cofradiasanantonmurcia.com\/wp-content\/uploads\/2019\/08\/FB_IMG_1517187655267-1.jpg\",\"contentUrl\":\"http:\/\/cofradiasanantonmurcia.com\/wp-content\/uploads\/2019\/08\/FB_IMG_1517187655267-1.jpg\",\"width\":1030,\"height\":1700,\"caption\":\"Real y Muy Ilustre Cofrad\\u00eda de San Ant\\u00f3n\"},\"image\":{\"@id\":\"http:\/\/cofradiasanantonmurcia.com\/#logo\"}},{\"@type\":\"WebSite\",\"@id\":\"http:\/\/cofradiasanantonmurcia.com\/#website\",\"url\":\"http:\/\/cofradiasanantonmurcia.com\/\",\"name\":\"Real y Muy Ilustre Cofrad\\u00eda de San Ant\\u00f3n\",\"description\":\"Web oficial\",\"publisher\":{\"@id\":\"http:\/\/cofradiasanantonmurcia.com\/#organization\"},\"potentialAction\":[{\"@type\":\"SearchAction\",\"target\":{\"@type\":\"EntryPoint\",\"urlTemplate\":\"http:\/\/cofradiasanantonmurcia.com\/?s={search_term_string}\"},\"query-input\":\"required name=search_term_string\"}],\"inLanguage\":\"es\"},{\"@type\":\"ImageObject\",\"@id\":\"https:\/\/cofradiasanantonmurcia.com\/index.php\/hazte-cofrade\/#primaryimage\",\"inLanguage\":\"es\",\"url\":\"https:\/\/cofradiasanantonmurcia.com\/wp-content\/uploads\/2020\/01\/IMG_20200105_133432.jpg\",\"contentUrl\":\"https:\/\/cofradiasanantonmurcia.com\/wp-content\/uploads\/2020\/01\/IMG_20200105_133432.jpg\",\"width\":1080,\"height\":1072},{\"@type\":\"WebPage\",\"@id\":\"https:\/\/cofradiasanantonmurcia.com\/index.php\/hazte-cofrade\/#webpage\",\"url\":\"https:\/\/cofradiasanantonmurcia.com\/index.php\/hazte-cofrade\/\",\"name\":\"Hazte Cofrade\",\"isPartOf\":{\"@id\":\"http:\/\/cofradiasanantonmurcia.com\/#website\"},\"primaryImageOfPage\":{\"@id\":\"https:\/\/cofradiasanantonmurcia.com\/index.php\/hazte-cofrade\/#primaryimage\"},\"datePublished\":\"2019-08-16T17:31:07+00:00\",\"dateModified\":\"2026-02-14T15:02:19+00:00\",\"breadcrumb\":{\"@id\":\"https:\/\/cofradiasanantonmurcia.com\/index.php\/hazte-cofrade\/#breadcrumb\"},\"inLanguage\":\"es\",\"potentialAction\":[{\"@type\":\"ReadAction\",\"target\":[\"https:\/\/cofradiasanantonmurcia.com\/index.php\/hazte-cofrade\/\"]}]},{\"@type\":\"BreadcrumbList\",\"@id\":\"https:\/\/cofradiasanantonmurcia.com\/index.php\/hazte-cofrade\/#breadcrumb\",\"itemListElement\":[{\"@type\":\"ListItem\",\"position\":1,\"name\":\"Portada\",\"item\":\"https:\/\/cofradiasanantonmurcia.com\/\"},{\"@type\":\"ListItem\",\"position\":2,\"name\":\"Hazte Cofrade\"}]}]}<\/script>\n<!-- \/ Yoast SEO plugin. -->","yoast_head_json":{"title":"Hazte Cofrade","robots":{"index":"index","follow":"follow","max-snippet":"max-snippet:-1","max-image-preview":"max-image-preview:large","max-video-preview":"max-video-preview:-1"},"canonical":"https:\/\/cofradiasanantonmurcia.com\/index.php\/hazte-cofrade\/","og_locale":"es_ES","og_type":"article","og_title":"Hazte Cofrade","og_description":"&nbsp; Si quieres ingresar como hermano cofrade solamente tienes que seguir los siguientes pasos: &nbsp; 1. Imprimir y cumplimentar todas las hojas del documento, asegur\u00e1ndote de que est\u00e1n firmadas: &nbsp; &#8211;&nbsp;Solicitud para ser Cofrade &nbsp; &nbsp; &nbsp; &nbsp; &nbsp; &nbsp; &nbsp; &nbsp;&hellip;","og_url":"https:\/\/cofradiasanantonmurcia.com\/index.php\/hazte-cofrade\/","og_site_name":"Real y Muy Ilustre Cofrad\u00eda de San Ant\u00f3n","article_publisher":"https:\/\/www.facebook.com\/RealYMuyIlustreCofradiaSanAntonMurcia\/","article_modified_time":"2026-02-14T15:02:19+00:00","og_image":[{"width":1080,"height":1072,"url":"http:\/\/cofradiasanantonmurcia.com\/wp-content\/uploads\/2020\/01\/IMG_20200105_133432.jpg","type":"image\/jpeg"}],"twitter_card":"summary_large_image","twitter_site":"@sanantoncofrad","twitter_misc":{"Tiempo de lectura":"1 minuto"},"schema":{"@context":"https:\/\/schema.org","@graph":[{"@type":"Organization","@id":"http:\/\/cofradiasanantonmurcia.com\/#organization","name":"Real y Muy Ilustre Cofrad\u00eda de San Ant\u00f3n","url":"http:\/\/cofradiasanantonmurcia.com\/","sameAs":["https:\/\/www.facebook.com\/RealYMuyIlustreCofradiaSanAntonMurcia\/","https:\/\/www.instagram.com\/cofradiasananton\/","https:\/\/twitter.com\/sanantoncofrad"],"logo":{"@type":"ImageObject","@id":"http:\/\/cofradiasanantonmurcia.com\/#logo","inLanguage":"es","url":"http:\/\/cofradiasanantonmurcia.com\/wp-content\/uploads\/2019\/08\/FB_IMG_1517187655267-1.jpg","contentUrl":"http:\/\/cofradiasanantonmurcia.com\/wp-content\/uploads\/2019\/08\/FB_IMG_1517187655267-1.jpg","width":1030,"height":1700,"caption":"Real y Muy Ilustre Cofrad\u00eda de San Ant\u00f3n"},"image":{"@id":"http:\/\/cofradiasanantonmurcia.com\/#logo"}},{"@type":"WebSite","@id":"http:\/\/cofradiasanantonmurcia.com\/#website","url":"http:\/\/cofradiasanantonmurcia.com\/","name":"Real y Muy Ilustre Cofrad\u00eda de San Ant\u00f3n","description":"Web oficial","publisher":{"@id":"http:\/\/cofradiasanantonmurcia.com\/#organization"},"potentialAction":[{"@type":"SearchAction","target":{"@type":"EntryPoint","urlTemplate":"http:\/\/cofradiasanantonmurcia.com\/?s={search_term_string}"},"query-input":"required name=search_term_string"}],"inLanguage":"es"},{"@type":"ImageObject","@id":"https:\/\/cofradiasanantonmurcia.com\/index.php\/hazte-cofrade\/#primaryimage","inLanguage":"es","url":"https:\/\/cofradiasanantonmurcia.com\/wp-content\/uploads\/2020\/01\/IMG_20200105_133432.jpg","contentUrl":"https:\/\/cofradiasanantonmurcia.com\/wp-content\/uploads\/2020\/01\/IMG_20200105_133432.jpg","width":1080,"height":1072},{"@type":"WebPage","@id":"https:\/\/cofradiasanantonmurcia.com\/index.php\/hazte-cofrade\/#webpage","url":"https:\/\/cofradiasanantonmurcia.com\/index.php\/hazte-cofrade\/","name":"Hazte Cofrade","isPartOf":{"@id":"http:\/\/cofradiasanantonmurcia.com\/#website"},"primaryImageOfPage":{"@id":"https:\/\/cofradiasanantonmurcia.com\/index.php\/hazte-cofrade\/#primaryimage"},"datePublished":"2019-08-16T17:31:07+00:00","dateModified":"2026-02-14T15:02:19+00:00","breadcrumb":{"@id":"https:\/\/cofradiasanantonmurcia.com\/index.php\/hazte-cofrade\/#breadcrumb"},"inLanguage":"es","potentialAction":[{"@type":"ReadAction","target":["https:\/\/cofradiasanantonmurcia.com\/index.php\/hazte-cofrade\/"]}]},{"@type":"BreadcrumbList","@id":"https:\/\/cofradiasanantonmurcia.com\/index.php\/hazte-cofrade\/#breadcrumb","itemListElement":[{"@type":"ListItem","position":1,"name":"Portada","item":"https:\/\/cofradiasanantonmurcia.com\/"},{"@type":"ListItem","position":2,"name":"Hazte Cofrade"}]}]}},"_links":{"self":[{"href":"https:\/\/cofradiasanantonmurcia.com\/index.php\/wp-json\/wp\/v2\/pages\/36","targetHints":{"allow":["GET"]}}],"collection":[{"href":"https:\/\/cofradiasanantonmurcia.com\/index.php\/wp-json\/wp\/v2\/pages"}],"about":[{"href":"https:\/\/cofradiasanantonmurcia.com\/index.php\/wp-json\/wp\/v2\/types\/page"}],"author":[{"embeddable":true,"href":"https:\/\/cofradiasanantonmurcia.com\/index.php\/wp-json\/wp\/v2\/users\/1"}],"replies":[{"embeddable":true,"href":"https:\/\/cofradiasanantonmurcia.com\/index.php\/wp-json\/wp\/v2\/comments?post=36"}],"version-history":[{"count":34,"href":"https:\/\/cofradiasanantonmurcia.com\/index.php\/wp-json\/wp\/v2\/pages\/36\/revisions"}],"predecessor-version":[{"id":4861,"href":"https:\/\/cofradiasanantonmurcia.com\/index.php\/wp-json\/wp\/v2\/pages\/36\/revisions\/4861"}],"wp:featuredmedia":[{"embeddable":true,"href":"https:\/\/cofradiasanantonmurcia.com\/index.php\/wp-json\/wp\/v2\/media\/2505"}],"wp:attachment":[{"href":"https:\/\/cofradiasanantonmurcia.com\/index.php\/wp-json\/wp\/v2\/media?parent=36"}],"curies":[{"name":"wp","href":"https:\/\/api.w.org\/{rel}","templated":true}]}}