{"id":5187,"date":"2026-03-20T18:07:25","date_gmt":"2026-03-20T17:07:25","guid":{"rendered":"https:\/\/cofradiasanantonmurcia.com\/?page_id=5187"},"modified":"2026-03-22T14:43:56","modified_gmt":"2026-03-22T13:43:56","slug":"25-aniversario","status":"publish","type":"page","link":"https:\/\/cofradiasanantonmurcia.com\/","title":{"rendered":"25 ANIVERSARIO &#8211; Saluda Mydmo. Psdte."},"content":{"rendered":"<p><img loading=\"lazy\" decoding=\"async\" class=\"aligncenter wp-image-5189\" src=\"http:\/\/cofradiasanantonmurcia.com\/wp-content\/uploads\/2026\/03\/Mydmo-Psdte.jpg\" alt=\"Bienvenido Milan\u00e9s, Mayordomo Presidente\" width=\"135\" height=\"262\" srcset=\"https:\/\/cofradiasanantonmurcia.com\/wp-content\/uploads\/2026\/03\/Mydmo-Psdte.jpg 202w, https:\/\/cofradiasanantonmurcia.com\/wp-content\/uploads\/2026\/03\/Mydmo-Psdte-155x300.jpg 155w\" sizes=\"auto, (max-width: 135px) 100vw, 135px\" \/><\/p>\n<p style=\"text-align: center;\"><strong><span style=\"font-size: 1rem;\">Bienvenido M. Milan\u00e9s &#8211;&nbsp;<\/span><\/strong><strong>Mayordomo Presidente<\/strong><\/p>\n<p><span style=\"font-size: 1rem;\">Queridos hermanos:<\/span><\/p>\n<p style=\"text-align: left;\">Celebramos con emoci\u00f3n, orgullo y gratitud, el aniversario de nuestra querida Cofrad\u00eda.<\/p>\n<p style=\"text-align: left;\">Una historia que comenz\u00f3 all\u00e1 por el siglo XIV y que gracias a la fe, el compromiso y el cari\u00f1o de muchas generaciones se mantiene muy viva.<\/p>\n<p style=\"text-align: left;\">Desde sus inicios est\u00e1 cofrad\u00eda ha tenido dos pilares fundamentales: la devoci\u00f3n al Santo y la ayuda al necesitado. Un esp\u00edritu solidario que ha sabido mantenerse firme con el paso del tiempo, combinando la oraci\u00f3n con la acci\u00f3n y la tradici\u00f3n con la entrega.<\/p>\n<p style=\"text-align: left;\">En 1746, un 25 de abril el gran Francisco Salzillo, nos regal\u00f3 una de las mayores joyas que custodiamos con orgullo: la imagen de nuestro Santo titular. Regalo que no solo embellece nuestra fe, sino que fortalece el alma de esta Hermandad. Poco despu\u00e9s su Majestad Felipe V nos distingui\u00f3 con el t\u00edtulo de Real Casa, reconocimiento que nos honra y nos compromete a\u00fan m\u00e1s.<\/p>\n<p style=\"text-align: left;\">Tras muchos a\u00f1os de camino, el 19 de septiembre de 2001 y por decreto del Excmo. y Rvdmo. Sr Obispo D. Manuel Ure\u00f1a Pastor, la Cofrad\u00eda qued\u00f3 refundada, con nuevo impulso, pero con la misma esencia.<\/p>\n<p style=\"text-align: left;\">Desde entonces y con la gu\u00eda de nuestro querido Consiliario, D. Jorge, seguimos adelante con ilusi\u00f3n renovada.<\/p>\n<p style=\"text-align: left;\">La cofrad\u00eda est\u00e1 formada por tres hermandades, unidas en fraternidad y servicio, y si miramos atr\u00e1s podemos hacer un balance muy positivo.<\/p>\n<p style=\"text-align: left;\">En lo econ\u00f3mico, hemos invertido con responsabilidad en proyectos de desarrollo, acciones solidarias y ayudas a quienes m\u00e1s lo necesitan y en lo social\u2026., en lo social no se puede medir con n\u00fameros lo que significa acompa\u00f1ar, apoyar y estar al lado de quien lo precisa.<\/p>\n<p style=\"text-align: left;\">Pero todo esto no ser\u00eda posible sin vosotros, sin vuestra colaboraci\u00f3n.<\/p>\n<p style=\"text-align: left;\">Gracias de coraz\u00f3n.<\/p>\n<p style=\"text-align: left;\">A lo largo de este curso cofrade se ir\u00e1n desarrollando diferentes actos conmemorativos tanto de este aniversario, como la preparaci\u00f3n del que ser\u00e1 el 25 aniversario de nuestra cofrad\u00eda, que ser\u00e1n anunciados con la debida antelaci\u00f3n por parte de las vocal\u00edas correspondientes y a trav\u00e9s de los canales habituales.<\/p>\n<p style=\"text-align: left;\">Recientemente hemos asistido al relevo de nuestro p\u00e1rroco y Consiliario, D. Jorge.<\/p>\n<p style=\"text-align: left;\">Desde aqu\u00ed queremos rendirle un sincero homenaje de gratitud y reconocimiento.<\/p>\n<p style=\"text-align: left;\">Querido D. Jorge, gracias por su entrega, su gu\u00eda espiritual y su cercan\u00eda fraterna.<\/p>\n<p style=\"text-align: left;\">Ha sido pastor, maestro y amigo. Con su ejemplo y su palabra ha fortalecido nuestra fe y acompa\u00f1ado nuestro caminar, no solo en los momentos de alegr\u00eda, sino tambi\u00e9n en los desaf\u00edos<\/p>\n<p style=\"text-align: left;\">que el d\u00eda a d\u00eda nos plantea.<\/p>\n<p style=\"text-align: left;\">La huella que deja perdurar\u00e1 en el tiempo y su servicio permanecer\u00e1 como testimonio vivo de fidelidad al Evangelio.<\/p>\n<p style=\"text-align: left;\">Damos la bienvenida con esperanza y alegr\u00eda a D. Antonio Ballester, a quien el Se\u00f1or ha enviado para continuar esta misi\u00f3n.<\/p>\n<p style=\"text-align: left;\">Confiamos en que, con su acompa\u00f1amiento, seguiremos creciendo en la fe, la unidad y el servicio. Rezamos por \u00e9l y le ofrecemos desde ya nuestra colaboraci\u00f3n y afecto.<\/p>\n<p style=\"text-align: left;\">Y gracias una vez m\u00e1s a todos los que est\u00e1is ah\u00ed desde el principio, acompa\u00f1ando y arropando a la Cofrad\u00eda en su quehacer diario.<\/p>\n<p style=\"text-align: left;\">Que este aniversario sea una oportunidad para mirar al pasado con gratitud, al presente con responsabilidad y al futuro con esperanza e ilusi\u00f3n.<\/p>\n<p style=\"text-align: left;\"><strong>\u00a1<em>VIVA&nbsp;<\/em><\/strong><strong><em>SAN ANT\u00d3N!<\/em><\/strong><\/p>\n<p><!--more--><\/p>\n","protected":false},"excerpt":{"rendered":"<p>Bienvenido M. Milan\u00e9s &#8211;&nbsp;Mayordomo Presidente Queridos hermanos: Celebramos con emoci\u00f3n, orgullo y gratitud, el aniversario de nuestra querida Cofrad\u00eda. Una historia que comenz\u00f3 all\u00e1 por el siglo XIV y que gracias a la fe, el compromiso y el cari\u00f1o de muchas generaciones&hellip;<\/p>\n","protected":false},"author":1,"featured_media":0,"parent":0,"menu_order":0,"comment_status":"closed","ping_status":"closed","template":"","meta":{"_monsterinsights_skip_tracking":false,"_monsterinsights_sitenote_active":false,"_monsterinsights_sitenote_note":"","_monsterinsights_sitenote_category":0,"ngg_post_thumbnail":0,"footnotes":""},"class_list":["post-5187","page","type-page","status-publish","hentry"],"yoast_head":"<!-- This site is optimized with the Yoast SEO plugin v17.9 - https:\/\/yoast.com\/wordpress\/plugins\/seo\/ -->\n<title>25 ANIVERSARIO - Saluda Mydmo. Psdte. - Real y Muy Ilustre Cofrad\u00eda de San Ant\u00f3n<\/title>\n<meta name=\"robots\" content=\"index, follow, max-snippet:-1, max-image-preview:large, max-video-preview:-1\" \/>\n<link rel=\"canonical\" href=\"https:\/\/cofradiasanantonmurcia.com\/\" \/>\n<meta property=\"og:locale\" content=\"es_ES\" \/>\n<meta property=\"og:type\" content=\"article\" \/>\n<meta property=\"og:title\" content=\"25 ANIVERSARIO - Saluda Mydmo. Psdte. - Real y Muy Ilustre Cofrad\u00eda de San Ant\u00f3n\" \/>\n<meta property=\"og:description\" content=\"Bienvenido M. Milan\u00e9s &#8211;&nbsp;Mayordomo Presidente Queridos hermanos: Celebramos con emoci\u00f3n, orgullo y gratitud, el aniversario de nuestra querida Cofrad\u00eda. Una historia que comenz\u00f3 all\u00e1 por el siglo XIV y que gracias a la fe, el compromiso y el cari\u00f1o de muchas generaciones&hellip;\" \/>\n<meta property=\"og:url\" content=\"https:\/\/cofradiasanantonmurcia.com\/\" \/>\n<meta property=\"og:site_name\" content=\"Real y Muy Ilustre Cofrad\u00eda de San Ant\u00f3n\" \/>\n<meta property=\"article:publisher\" content=\"https:\/\/www.facebook.com\/RealYMuyIlustreCofradiaSanAntonMurcia\/\" \/>\n<meta property=\"article:modified_time\" content=\"2026-03-22T13:43:56+00:00\" \/>\n<meta property=\"og:image\" content=\"http:\/\/cofradiasanantonmurcia.com\/wp-content\/uploads\/2026\/03\/Mydmo-Psdte.jpg\" \/>\n<meta name=\"twitter:card\" content=\"summary_large_image\" \/>\n<meta name=\"twitter:site\" content=\"@sanantoncofrad\" \/>\n<meta name=\"twitter:label1\" content=\"Tiempo de lectura\" \/>\n\t<meta name=\"twitter:data1\" content=\"3 minutos\" \/>\n<script type=\"application\/ld+json\" class=\"yoast-schema-graph\">{\"@context\":\"https:\/\/schema.org\",\"@graph\":[{\"@type\":\"Organization\",\"@id\":\"http:\/\/cofradiasanantonmurcia.com\/#organization\",\"name\":\"Real y Muy Ilustre Cofrad\\u00eda de San Ant\\u00f3n\",\"url\":\"http:\/\/cofradiasanantonmurcia.com\/\",\"sameAs\":[\"https:\/\/www.facebook.com\/RealYMuyIlustreCofradiaSanAntonMurcia\/\",\"https:\/\/www.instagram.com\/cofradiasananton\/\",\"https:\/\/twitter.com\/sanantoncofrad\"],\"logo\":{\"@type\":\"ImageObject\",\"@id\":\"http:\/\/cofradiasanantonmurcia.com\/#logo\",\"inLanguage\":\"es\",\"url\":\"http:\/\/cofradiasanantonmurcia.com\/wp-content\/uploads\/2019\/08\/FB_IMG_1517187655267-1.jpg\",\"contentUrl\":\"http:\/\/cofradiasanantonmurcia.com\/wp-content\/uploads\/2019\/08\/FB_IMG_1517187655267-1.jpg\",\"width\":1030,\"height\":1700,\"caption\":\"Real y Muy Ilustre Cofrad\\u00eda de San Ant\\u00f3n\"},\"image\":{\"@id\":\"http:\/\/cofradiasanantonmurcia.com\/#logo\"}},{\"@type\":\"WebSite\",\"@id\":\"http:\/\/cofradiasanantonmurcia.com\/#website\",\"url\":\"http:\/\/cofradiasanantonmurcia.com\/\",\"name\":\"Real y Muy Ilustre Cofrad\\u00eda de San Ant\\u00f3n\",\"description\":\"Web oficial\",\"publisher\":{\"@id\":\"http:\/\/cofradiasanantonmurcia.com\/#organization\"},\"potentialAction\":[{\"@type\":\"SearchAction\",\"target\":{\"@type\":\"EntryPoint\",\"urlTemplate\":\"http:\/\/cofradiasanantonmurcia.com\/?s={search_term_string}\"},\"query-input\":\"required name=search_term_string\"}],\"inLanguage\":\"es\"},{\"@type\":\"ImageObject\",\"@id\":\"https:\/\/cofradiasanantonmurcia.com\/#primaryimage\",\"inLanguage\":\"es\",\"url\":\"http:\/\/cofradiasanantonmurcia.com\/wp-content\/uploads\/2026\/03\/Mydmo-Psdte.jpg\",\"contentUrl\":\"http:\/\/cofradiasanantonmurcia.com\/wp-content\/uploads\/2026\/03\/Mydmo-Psdte.jpg\"},{\"@type\":\"WebPage\",\"@id\":\"https:\/\/cofradiasanantonmurcia.com\/#webpage\",\"url\":\"https:\/\/cofradiasanantonmurcia.com\/\",\"name\":\"25 ANIVERSARIO - Saluda Mydmo. Psdte. - Real y Muy Ilustre Cofrad\\u00eda de San Ant\\u00f3n\",\"isPartOf\":{\"@id\":\"http:\/\/cofradiasanantonmurcia.com\/#website\"},\"primaryImageOfPage\":{\"@id\":\"https:\/\/cofradiasanantonmurcia.com\/#primaryimage\"},\"datePublished\":\"2026-03-20T17:07:25+00:00\",\"dateModified\":\"2026-03-22T13:43:56+00:00\",\"breadcrumb\":{\"@id\":\"https:\/\/cofradiasanantonmurcia.com\/#breadcrumb\"},\"inLanguage\":\"es\",\"potentialAction\":[{\"@type\":\"ReadAction\",\"target\":[\"https:\/\/cofradiasanantonmurcia.com\/\"]}]},{\"@type\":\"BreadcrumbList\",\"@id\":\"https:\/\/cofradiasanantonmurcia.com\/#breadcrumb\",\"itemListElement\":[{\"@type\":\"ListItem\",\"position\":1,\"name\":\"Portada\",\"item\":\"https:\/\/cofradiasanantonmurcia.com\/\"},{\"@type\":\"ListItem\",\"position\":2,\"name\":\"25 ANIVERSARIO &#8211; Saluda Mydmo. Psdte.\"}]}]}<\/script>\n<!-- \/ Yoast SEO plugin. -->","yoast_head_json":{"title":"25 ANIVERSARIO - Saluda Mydmo. Psdte. - Real y Muy Ilustre Cofrad\u00eda de San Ant\u00f3n","robots":{"index":"index","follow":"follow","max-snippet":"max-snippet:-1","max-image-preview":"max-image-preview:large","max-video-preview":"max-video-preview:-1"},"canonical":"https:\/\/cofradiasanantonmurcia.com\/","og_locale":"es_ES","og_type":"article","og_title":"25 ANIVERSARIO - Saluda Mydmo. Psdte. - Real y Muy Ilustre Cofrad\u00eda de San Ant\u00f3n","og_description":"Bienvenido M. Milan\u00e9s &#8211;&nbsp;Mayordomo Presidente Queridos hermanos: Celebramos con emoci\u00f3n, orgullo y gratitud, el aniversario de nuestra querida Cofrad\u00eda. Una historia que comenz\u00f3 all\u00e1 por el siglo XIV y que gracias a la fe, el compromiso y el cari\u00f1o de muchas generaciones&hellip;","og_url":"https:\/\/cofradiasanantonmurcia.com\/","og_site_name":"Real y Muy Ilustre Cofrad\u00eda de San Ant\u00f3n","article_publisher":"https:\/\/www.facebook.com\/RealYMuyIlustreCofradiaSanAntonMurcia\/","article_modified_time":"2026-03-22T13:43:56+00:00","og_image":[{"url":"http:\/\/cofradiasanantonmurcia.com\/wp-content\/uploads\/2026\/03\/Mydmo-Psdte.jpg"}],"twitter_card":"summary_large_image","twitter_site":"@sanantoncofrad","twitter_misc":{"Tiempo de lectura":"3 minutos"},"schema":{"@context":"https:\/\/schema.org","@graph":[{"@type":"Organization","@id":"http:\/\/cofradiasanantonmurcia.com\/#organization","name":"Real y Muy Ilustre Cofrad\u00eda de San Ant\u00f3n","url":"http:\/\/cofradiasanantonmurcia.com\/","sameAs":["https:\/\/www.facebook.com\/RealYMuyIlustreCofradiaSanAntonMurcia\/","https:\/\/www.instagram.com\/cofradiasananton\/","https:\/\/twitter.com\/sanantoncofrad"],"logo":{"@type":"ImageObject","@id":"http:\/\/cofradiasanantonmurcia.com\/#logo","inLanguage":"es","url":"http:\/\/cofradiasanantonmurcia.com\/wp-content\/uploads\/2019\/08\/FB_IMG_1517187655267-1.jpg","contentUrl":"http:\/\/cofradiasanantonmurcia.com\/wp-content\/uploads\/2019\/08\/FB_IMG_1517187655267-1.jpg","width":1030,"height":1700,"caption":"Real y Muy Ilustre Cofrad\u00eda de San Ant\u00f3n"},"image":{"@id":"http:\/\/cofradiasanantonmurcia.com\/#logo"}},{"@type":"WebSite","@id":"http:\/\/cofradiasanantonmurcia.com\/#website","url":"http:\/\/cofradiasanantonmurcia.com\/","name":"Real y Muy Ilustre Cofrad\u00eda de San Ant\u00f3n","description":"Web oficial","publisher":{"@id":"http:\/\/cofradiasanantonmurcia.com\/#organization"},"potentialAction":[{"@type":"SearchAction","target":{"@type":"EntryPoint","urlTemplate":"http:\/\/cofradiasanantonmurcia.com\/?s={search_term_string}"},"query-input":"required name=search_term_string"}],"inLanguage":"es"},{"@type":"ImageObject","@id":"https:\/\/cofradiasanantonmurcia.com\/#primaryimage","inLanguage":"es","url":"http:\/\/cofradiasanantonmurcia.com\/wp-content\/uploads\/2026\/03\/Mydmo-Psdte.jpg","contentUrl":"http:\/\/cofradiasanantonmurcia.com\/wp-content\/uploads\/2026\/03\/Mydmo-Psdte.jpg"},{"@type":"WebPage","@id":"https:\/\/cofradiasanantonmurcia.com\/#webpage","url":"https:\/\/cofradiasanantonmurcia.com\/","name":"25 ANIVERSARIO - Saluda Mydmo. Psdte. - Real y Muy Ilustre Cofrad\u00eda de San Ant\u00f3n","isPartOf":{"@id":"http:\/\/cofradiasanantonmurcia.com\/#website"},"primaryImageOfPage":{"@id":"https:\/\/cofradiasanantonmurcia.com\/#primaryimage"},"datePublished":"2026-03-20T17:07:25+00:00","dateModified":"2026-03-22T13:43:56+00:00","breadcrumb":{"@id":"https:\/\/cofradiasanantonmurcia.com\/#breadcrumb"},"inLanguage":"es","potentialAction":[{"@type":"ReadAction","target":["https:\/\/cofradiasanantonmurcia.com\/"]}]},{"@type":"BreadcrumbList","@id":"https:\/\/cofradiasanantonmurcia.com\/#breadcrumb","itemListElement":[{"@type":"ListItem","position":1,"name":"Portada","item":"https:\/\/cofradiasanantonmurcia.com\/"},{"@type":"ListItem","position":2,"name":"25 ANIVERSARIO &#8211; Saluda Mydmo. Psdte."}]}]}},"_links":{"self":[{"href":"https:\/\/cofradiasanantonmurcia.com\/index.php\/wp-json\/wp\/v2\/pages\/5187","targetHints":{"allow":["GET"]}}],"collection":[{"href":"https:\/\/cofradiasanantonmurcia.com\/index.php\/wp-json\/wp\/v2\/pages"}],"about":[{"href":"https:\/\/cofradiasanantonmurcia.com\/index.php\/wp-json\/wp\/v2\/types\/page"}],"author":[{"embeddable":true,"href":"https:\/\/cofradiasanantonmurcia.com\/index.php\/wp-json\/wp\/v2\/users\/1"}],"replies":[{"embeddable":true,"href":"https:\/\/cofradiasanantonmurcia.com\/index.php\/wp-json\/wp\/v2\/comments?post=5187"}],"version-history":[{"count":5,"href":"https:\/\/cofradiasanantonmurcia.com\/index.php\/wp-json\/wp\/v2\/pages\/5187\/revisions"}],"predecessor-version":[{"id":5227,"href":"https:\/\/cofradiasanantonmurcia.com\/index.php\/wp-json\/wp\/v2\/pages\/5187\/revisions\/5227"}],"wp:attachment":[{"href":"https:\/\/cofradiasanantonmurcia.com\/index.php\/wp-json\/wp\/v2\/media?parent=5187"}],"curies":[{"name":"wp","href":"https:\/\/api.w.org\/{rel}","templated":true}]}}