{"id":5206,"date":"2026-03-22T16:07:57","date_gmt":"2026-03-22T15:07:57","guid":{"rendered":"https:\/\/cofradiasanantonmurcia.com\/?page_id=5206"},"modified":"2026-03-22T16:07:57","modified_gmt":"2026-03-22T15:07:57","slug":"25-aniversario-d-jorge-rodriguez","status":"publish","type":"page","link":"https:\/\/cofradiasanantonmurcia.com\/index.php\/25-aniversario-d-jorge-rodriguez\/","title":{"rendered":"25 Aniversario &#8211; D. Jorge Rodr\u00edguez"},"content":{"rendered":"<p><img loading=\"lazy\" decoding=\"async\" class=\"aligncenter wp-image-5212\" src=\"http:\/\/cofradiasanantonmurcia.com\/wp-content\/uploads\/2026\/03\/D.-Jorge-Rodriguez-parroco-S.-Fco-Javier-S.-Anton-y-Consiliario-CSA-2_cr.jpg\" alt=\"\" width=\"190\" height=\"287\" srcset=\"https:\/\/cofradiasanantonmurcia.com\/wp-content\/uploads\/2026\/03\/D.-Jorge-Rodriguez-parroco-S.-Fco-Javier-S.-Anton-y-Consiliario-CSA-2_cr.jpg 1150w, https:\/\/cofradiasanantonmurcia.com\/wp-content\/uploads\/2026\/03\/D.-Jorge-Rodriguez-parroco-S.-Fco-Javier-S.-Anton-y-Consiliario-CSA-2_cr-199x300.jpg 199w, https:\/\/cofradiasanantonmurcia.com\/wp-content\/uploads\/2026\/03\/D.-Jorge-Rodriguez-parroco-S.-Fco-Javier-S.-Anton-y-Consiliario-CSA-2_cr-679x1024.jpg 679w, https:\/\/cofradiasanantonmurcia.com\/wp-content\/uploads\/2026\/03\/D.-Jorge-Rodriguez-parroco-S.-Fco-Javier-S.-Anton-y-Consiliario-CSA-2_cr-768x1159.jpg 768w, https:\/\/cofradiasanantonmurcia.com\/wp-content\/uploads\/2026\/03\/D.-Jorge-Rodriguez-parroco-S.-Fco-Javier-S.-Anton-y-Consiliario-CSA-2_cr-1018x1536.jpg 1018w\" sizes=\"auto, (max-width: 190px) 100vw, 190px\" \/><\/p>\n<h1 style=\"text-align: center;\">CUMPLEA\u00d1OS FELIZ<\/h1>\n<p style=\"text-align: left;\">&nbsp;&nbsp;&nbsp;&nbsp;&nbsp;&nbsp;&nbsp;&nbsp; Un aniversario, no s\u00f3lo es para soplar unas velas por los a\u00f1os transcurridos en medio de la alegr\u00eda por lo acontecido, sino tambi\u00e9n para coger nuevas fuerzas ante un futuro ilusionado.<\/p>\n<p>&nbsp;&nbsp;&nbsp;&nbsp;&nbsp;&nbsp;&nbsp;&nbsp; Los veinticinco a\u00f1os de nuestra Refundaci\u00f3n son suficiente motivo para valorar y repasar nuestros or\u00edgenes.<\/p>\n<p>&nbsp;&nbsp;&nbsp;&nbsp;&nbsp;&nbsp;&nbsp;&nbsp; San Ant\u00f3n nos recuerda que de una vida entregada nace una fecundidad inesperada\u2026 hay que proseguir la siembra sin desfallecer\u2026su esp\u00edritu sigue actuando entre nosotros y orientando muchas vidas por el sendero que nos propone.<\/p>\n<p>&nbsp;&nbsp;&nbsp;&nbsp;&nbsp;&nbsp;&nbsp;&nbsp; Volver nuestra mirada hacia \u00e9l es poner ante nuestros ojos un ejemplo real de alguien que ha vivido la radicalidad del seguimiento evang\u00e9lico y nos manifiesta que no es un ideal inalcanzable, sino que ha cobrado vida en multitud de cristianos.<\/p>\n<p>&nbsp;&nbsp;&nbsp;&nbsp;&nbsp;&nbsp;&nbsp;&nbsp; En un continente que parece haber olvidado su alma, nosotros elegimos seguir a Jes\u00fas, que el Evangelio no es pasado, los cristianos \u201cno tenemos ninguna moto que vender \u201c sino sentirnos amados y llevar a todos la caricia de Dios y ser reflejo en nuestro obrar y presencia en la vida p\u00fablica.<\/p>\n<p>&nbsp;&nbsp;&nbsp;&nbsp;&nbsp;&nbsp;&nbsp;&nbsp; Despu\u00e9s de 1775 a\u00f1os del nacimiento de San Ant\u00f3n.<\/p>\n<p>Despu\u00e9s de 25 a\u00f1os de la Refundaci\u00f3n Cofrade con ra\u00edces profundas desde el siglo XIV.<\/p>\n<p>Ahora vamos a afrontar el futuro con la mano puesta en el arado y seguir sembrando la semilla que germin\u00f3 en nuestro querido barrio de San Ant\u00f3n.<\/p>\n<p>&nbsp;&nbsp;&nbsp;&nbsp;&nbsp;&nbsp;&nbsp;&nbsp; Mi bienvenida a D. Antonio Ballester Serrano, nuevo p\u00e1rroco y consiliario de esta Real Cofrad\u00eda por muchos a\u00f1os.<\/p>\n<p>&nbsp;<\/p>\n<p style=\"text-align: center;\"><strong>&nbsp;Jorge Rodr\u00edguez Garc\u00eda<\/strong><\/p>\n<p style=\"text-align: center;\"><strong>Cofrade n\u00ba 1, refundador<\/strong><\/p>\n","protected":false},"excerpt":{"rendered":"<p>CUMPLEA\u00d1OS FELIZ &nbsp;&nbsp;&nbsp;&nbsp;&nbsp;&nbsp;&nbsp;&nbsp; Un aniversario, no s\u00f3lo es para soplar unas velas por los a\u00f1os transcurridos en medio de la alegr\u00eda por lo acontecido, sino tambi\u00e9n para coger nuevas fuerzas ante un futuro ilusionado. &nbsp;&nbsp;&nbsp;&nbsp;&nbsp;&nbsp;&nbsp;&nbsp; Los veinticinco a\u00f1os de nuestra Refundaci\u00f3n son&hellip;<\/p>\n","protected":false},"author":1,"featured_media":0,"parent":0,"menu_order":0,"comment_status":"closed","ping_status":"closed","template":"","meta":{"_monsterinsights_skip_tracking":false,"_monsterinsights_sitenote_active":false,"_monsterinsights_sitenote_note":"","_monsterinsights_sitenote_category":0,"ngg_post_thumbnail":0,"footnotes":""},"class_list":["post-5206","page","type-page","status-publish","hentry"],"yoast_head":"<!-- This site is optimized with the Yoast SEO plugin v17.9 - https:\/\/yoast.com\/wordpress\/plugins\/seo\/ -->\n<title>25 Aniversario - D. Jorge Rodr\u00edguez - Real y Muy Ilustre Cofrad\u00eda de San Ant\u00f3n<\/title>\n<meta name=\"robots\" content=\"index, follow, max-snippet:-1, max-image-preview:large, max-video-preview:-1\" \/>\n<link rel=\"canonical\" href=\"https:\/\/cofradiasanantonmurcia.com\/index.php\/25-aniversario-d-jorge-rodriguez\/\" \/>\n<meta property=\"og:locale\" content=\"es_ES\" \/>\n<meta property=\"og:type\" content=\"article\" \/>\n<meta property=\"og:title\" content=\"25 Aniversario - D. Jorge Rodr\u00edguez - Real y Muy Ilustre Cofrad\u00eda de San Ant\u00f3n\" \/>\n<meta property=\"og:description\" content=\"CUMPLEA\u00d1OS FELIZ &nbsp;&nbsp;&nbsp;&nbsp;&nbsp;&nbsp;&nbsp;&nbsp; Un aniversario, no s\u00f3lo es para soplar unas velas por los a\u00f1os transcurridos en medio de la alegr\u00eda por lo acontecido, sino tambi\u00e9n para coger nuevas fuerzas ante un futuro ilusionado. &nbsp;&nbsp;&nbsp;&nbsp;&nbsp;&nbsp;&nbsp;&nbsp; Los veinticinco a\u00f1os de nuestra Refundaci\u00f3n son&hellip;\" \/>\n<meta property=\"og:url\" content=\"https:\/\/cofradiasanantonmurcia.com\/index.php\/25-aniversario-d-jorge-rodriguez\/\" \/>\n<meta property=\"og:site_name\" content=\"Real y Muy Ilustre Cofrad\u00eda de San Ant\u00f3n\" \/>\n<meta property=\"article:publisher\" content=\"https:\/\/www.facebook.com\/RealYMuyIlustreCofradiaSanAntonMurcia\/\" \/>\n<meta property=\"og:image\" content=\"http:\/\/cofradiasanantonmurcia.com\/wp-content\/uploads\/2026\/03\/D.-Jorge-Rodriguez-parroco-S.-Fco-Javier-S.-Anton-y-Consiliario-CSA-2_cr.jpg\" \/>\n<meta name=\"twitter:card\" content=\"summary_large_image\" \/>\n<meta name=\"twitter:site\" content=\"@sanantoncofrad\" \/>\n<meta name=\"twitter:label1\" content=\"Tiempo de lectura\" \/>\n\t<meta name=\"twitter:data1\" content=\"2 minutos\" \/>\n<script type=\"application\/ld+json\" class=\"yoast-schema-graph\">{\"@context\":\"https:\/\/schema.org\",\"@graph\":[{\"@type\":\"Organization\",\"@id\":\"http:\/\/cofradiasanantonmurcia.com\/#organization\",\"name\":\"Real y Muy Ilustre Cofrad\\u00eda de San Ant\\u00f3n\",\"url\":\"http:\/\/cofradiasanantonmurcia.com\/\",\"sameAs\":[\"https:\/\/www.facebook.com\/RealYMuyIlustreCofradiaSanAntonMurcia\/\",\"https:\/\/www.instagram.com\/cofradiasananton\/\",\"https:\/\/twitter.com\/sanantoncofrad\"],\"logo\":{\"@type\":\"ImageObject\",\"@id\":\"http:\/\/cofradiasanantonmurcia.com\/#logo\",\"inLanguage\":\"es\",\"url\":\"http:\/\/cofradiasanantonmurcia.com\/wp-content\/uploads\/2019\/08\/FB_IMG_1517187655267-1.jpg\",\"contentUrl\":\"http:\/\/cofradiasanantonmurcia.com\/wp-content\/uploads\/2019\/08\/FB_IMG_1517187655267-1.jpg\",\"width\":1030,\"height\":1700,\"caption\":\"Real y Muy Ilustre Cofrad\\u00eda de San Ant\\u00f3n\"},\"image\":{\"@id\":\"http:\/\/cofradiasanantonmurcia.com\/#logo\"}},{\"@type\":\"WebSite\",\"@id\":\"http:\/\/cofradiasanantonmurcia.com\/#website\",\"url\":\"http:\/\/cofradiasanantonmurcia.com\/\",\"name\":\"Real y Muy Ilustre Cofrad\\u00eda de San Ant\\u00f3n\",\"description\":\"Web oficial\",\"publisher\":{\"@id\":\"http:\/\/cofradiasanantonmurcia.com\/#organization\"},\"potentialAction\":[{\"@type\":\"SearchAction\",\"target\":{\"@type\":\"EntryPoint\",\"urlTemplate\":\"http:\/\/cofradiasanantonmurcia.com\/?s={search_term_string}\"},\"query-input\":\"required name=search_term_string\"}],\"inLanguage\":\"es\"},{\"@type\":\"ImageObject\",\"@id\":\"https:\/\/cofradiasanantonmurcia.com\/index.php\/25-aniversario-d-jorge-rodriguez\/#primaryimage\",\"inLanguage\":\"es\",\"url\":\"http:\/\/cofradiasanantonmurcia.com\/wp-content\/uploads\/2026\/03\/D.-Jorge-Rodriguez-parroco-S.-Fco-Javier-S.-Anton-y-Consiliario-CSA-2_cr.jpg\",\"contentUrl\":\"http:\/\/cofradiasanantonmurcia.com\/wp-content\/uploads\/2026\/03\/D.-Jorge-Rodriguez-parroco-S.-Fco-Javier-S.-Anton-y-Consiliario-CSA-2_cr.jpg\"},{\"@type\":\"WebPage\",\"@id\":\"https:\/\/cofradiasanantonmurcia.com\/index.php\/25-aniversario-d-jorge-rodriguez\/#webpage\",\"url\":\"https:\/\/cofradiasanantonmurcia.com\/index.php\/25-aniversario-d-jorge-rodriguez\/\",\"name\":\"25 Aniversario - D. Jorge Rodr\\u00edguez - Real y Muy Ilustre Cofrad\\u00eda de San Ant\\u00f3n\",\"isPartOf\":{\"@id\":\"http:\/\/cofradiasanantonmurcia.com\/#website\"},\"primaryImageOfPage\":{\"@id\":\"https:\/\/cofradiasanantonmurcia.com\/index.php\/25-aniversario-d-jorge-rodriguez\/#primaryimage\"},\"datePublished\":\"2026-03-22T15:07:57+00:00\",\"dateModified\":\"2026-03-22T15:07:57+00:00\",\"breadcrumb\":{\"@id\":\"https:\/\/cofradiasanantonmurcia.com\/index.php\/25-aniversario-d-jorge-rodriguez\/#breadcrumb\"},\"inLanguage\":\"es\",\"potentialAction\":[{\"@type\":\"ReadAction\",\"target\":[\"https:\/\/cofradiasanantonmurcia.com\/index.php\/25-aniversario-d-jorge-rodriguez\/\"]}]},{\"@type\":\"BreadcrumbList\",\"@id\":\"https:\/\/cofradiasanantonmurcia.com\/index.php\/25-aniversario-d-jorge-rodriguez\/#breadcrumb\",\"itemListElement\":[{\"@type\":\"ListItem\",\"position\":1,\"name\":\"Portada\",\"item\":\"https:\/\/cofradiasanantonmurcia.com\/\"},{\"@type\":\"ListItem\",\"position\":2,\"name\":\"25 Aniversario &#8211; D. Jorge Rodr\\u00edguez\"}]}]}<\/script>\n<!-- \/ Yoast SEO plugin. -->","yoast_head_json":{"title":"25 Aniversario - D. Jorge Rodr\u00edguez - Real y Muy Ilustre Cofrad\u00eda de San Ant\u00f3n","robots":{"index":"index","follow":"follow","max-snippet":"max-snippet:-1","max-image-preview":"max-image-preview:large","max-video-preview":"max-video-preview:-1"},"canonical":"https:\/\/cofradiasanantonmurcia.com\/index.php\/25-aniversario-d-jorge-rodriguez\/","og_locale":"es_ES","og_type":"article","og_title":"25 Aniversario - D. Jorge Rodr\u00edguez - Real y Muy Ilustre Cofrad\u00eda de San Ant\u00f3n","og_description":"CUMPLEA\u00d1OS FELIZ &nbsp;&nbsp;&nbsp;&nbsp;&nbsp;&nbsp;&nbsp;&nbsp; Un aniversario, no s\u00f3lo es para soplar unas velas por los a\u00f1os transcurridos en medio de la alegr\u00eda por lo acontecido, sino tambi\u00e9n para coger nuevas fuerzas ante un futuro ilusionado. &nbsp;&nbsp;&nbsp;&nbsp;&nbsp;&nbsp;&nbsp;&nbsp; Los veinticinco a\u00f1os de nuestra Refundaci\u00f3n son&hellip;","og_url":"https:\/\/cofradiasanantonmurcia.com\/index.php\/25-aniversario-d-jorge-rodriguez\/","og_site_name":"Real y Muy Ilustre Cofrad\u00eda de San Ant\u00f3n","article_publisher":"https:\/\/www.facebook.com\/RealYMuyIlustreCofradiaSanAntonMurcia\/","og_image":[{"url":"http:\/\/cofradiasanantonmurcia.com\/wp-content\/uploads\/2026\/03\/D.-Jorge-Rodriguez-parroco-S.-Fco-Javier-S.-Anton-y-Consiliario-CSA-2_cr.jpg"}],"twitter_card":"summary_large_image","twitter_site":"@sanantoncofrad","twitter_misc":{"Tiempo de lectura":"2 minutos"},"schema":{"@context":"https:\/\/schema.org","@graph":[{"@type":"Organization","@id":"http:\/\/cofradiasanantonmurcia.com\/#organization","name":"Real y Muy Ilustre Cofrad\u00eda de San Ant\u00f3n","url":"http:\/\/cofradiasanantonmurcia.com\/","sameAs":["https:\/\/www.facebook.com\/RealYMuyIlustreCofradiaSanAntonMurcia\/","https:\/\/www.instagram.com\/cofradiasananton\/","https:\/\/twitter.com\/sanantoncofrad"],"logo":{"@type":"ImageObject","@id":"http:\/\/cofradiasanantonmurcia.com\/#logo","inLanguage":"es","url":"http:\/\/cofradiasanantonmurcia.com\/wp-content\/uploads\/2019\/08\/FB_IMG_1517187655267-1.jpg","contentUrl":"http:\/\/cofradiasanantonmurcia.com\/wp-content\/uploads\/2019\/08\/FB_IMG_1517187655267-1.jpg","width":1030,"height":1700,"caption":"Real y Muy Ilustre Cofrad\u00eda de San Ant\u00f3n"},"image":{"@id":"http:\/\/cofradiasanantonmurcia.com\/#logo"}},{"@type":"WebSite","@id":"http:\/\/cofradiasanantonmurcia.com\/#website","url":"http:\/\/cofradiasanantonmurcia.com\/","name":"Real y Muy Ilustre Cofrad\u00eda de San Ant\u00f3n","description":"Web oficial","publisher":{"@id":"http:\/\/cofradiasanantonmurcia.com\/#organization"},"potentialAction":[{"@type":"SearchAction","target":{"@type":"EntryPoint","urlTemplate":"http:\/\/cofradiasanantonmurcia.com\/?s={search_term_string}"},"query-input":"required name=search_term_string"}],"inLanguage":"es"},{"@type":"ImageObject","@id":"https:\/\/cofradiasanantonmurcia.com\/index.php\/25-aniversario-d-jorge-rodriguez\/#primaryimage","inLanguage":"es","url":"http:\/\/cofradiasanantonmurcia.com\/wp-content\/uploads\/2026\/03\/D.-Jorge-Rodriguez-parroco-S.-Fco-Javier-S.-Anton-y-Consiliario-CSA-2_cr.jpg","contentUrl":"http:\/\/cofradiasanantonmurcia.com\/wp-content\/uploads\/2026\/03\/D.-Jorge-Rodriguez-parroco-S.-Fco-Javier-S.-Anton-y-Consiliario-CSA-2_cr.jpg"},{"@type":"WebPage","@id":"https:\/\/cofradiasanantonmurcia.com\/index.php\/25-aniversario-d-jorge-rodriguez\/#webpage","url":"https:\/\/cofradiasanantonmurcia.com\/index.php\/25-aniversario-d-jorge-rodriguez\/","name":"25 Aniversario - D. Jorge Rodr\u00edguez - Real y Muy Ilustre Cofrad\u00eda de San Ant\u00f3n","isPartOf":{"@id":"http:\/\/cofradiasanantonmurcia.com\/#website"},"primaryImageOfPage":{"@id":"https:\/\/cofradiasanantonmurcia.com\/index.php\/25-aniversario-d-jorge-rodriguez\/#primaryimage"},"datePublished":"2026-03-22T15:07:57+00:00","dateModified":"2026-03-22T15:07:57+00:00","breadcrumb":{"@id":"https:\/\/cofradiasanantonmurcia.com\/index.php\/25-aniversario-d-jorge-rodriguez\/#breadcrumb"},"inLanguage":"es","potentialAction":[{"@type":"ReadAction","target":["https:\/\/cofradiasanantonmurcia.com\/index.php\/25-aniversario-d-jorge-rodriguez\/"]}]},{"@type":"BreadcrumbList","@id":"https:\/\/cofradiasanantonmurcia.com\/index.php\/25-aniversario-d-jorge-rodriguez\/#breadcrumb","itemListElement":[{"@type":"ListItem","position":1,"name":"Portada","item":"https:\/\/cofradiasanantonmurcia.com\/"},{"@type":"ListItem","position":2,"name":"25 Aniversario &#8211; D. Jorge Rodr\u00edguez"}]}]}},"_links":{"self":[{"href":"https:\/\/cofradiasanantonmurcia.com\/index.php\/wp-json\/wp\/v2\/pages\/5206","targetHints":{"allow":["GET"]}}],"collection":[{"href":"https:\/\/cofradiasanantonmurcia.com\/index.php\/wp-json\/wp\/v2\/pages"}],"about":[{"href":"https:\/\/cofradiasanantonmurcia.com\/index.php\/wp-json\/wp\/v2\/types\/page"}],"author":[{"embeddable":true,"href":"https:\/\/cofradiasanantonmurcia.com\/index.php\/wp-json\/wp\/v2\/users\/1"}],"replies":[{"embeddable":true,"href":"https:\/\/cofradiasanantonmurcia.com\/index.php\/wp-json\/wp\/v2\/comments?post=5206"}],"version-history":[{"count":4,"href":"https:\/\/cofradiasanantonmurcia.com\/index.php\/wp-json\/wp\/v2\/pages\/5206\/revisions"}],"predecessor-version":[{"id":5219,"href":"https:\/\/cofradiasanantonmurcia.com\/index.php\/wp-json\/wp\/v2\/pages\/5206\/revisions\/5219"}],"wp:attachment":[{"href":"https:\/\/cofradiasanantonmurcia.com\/index.php\/wp-json\/wp\/v2\/media?parent=5206"}],"curies":[{"name":"wp","href":"https:\/\/api.w.org\/{rel}","templated":true}]}}