{"id":5229,"date":"2026-03-22T16:04:14","date_gmt":"2026-03-22T15:04:14","guid":{"rendered":"https:\/\/cofradiasanantonmurcia.com\/?page_id=5229"},"modified":"2026-03-24T12:48:24","modified_gmt":"2026-03-24T11:48:24","slug":"25-aniversario-2","status":"publish","type":"page","link":"https:\/\/cofradiasanantonmurcia.com\/index.php\/25-aniversario-2\/","title":{"rendered":"25 Aniversario"},"content":{"rendered":"<p>&nbsp;<\/p>\n<p style=\"padding-left: 40px;\">Durante el a\u00f1o 2026 se cumplen los primeros <strong>25 a\u00f1os de vida de esta Cofrad\u00eda<\/strong>.<\/p>\n<p style=\"padding-left: 40px;\">Por este motivo reproducimos diversos elementos nacidos para celebrar tal acontecimiento.<\/p>\n<p style=\"padding-left: 40px;\">En primer lugar, los discursos del fundador principal de esta cofrad\u00eda, <strong>D. Jorge Rodr\u00edguez<\/strong>, que la ha llevado a buen puerto durante este largo periodo.<\/p>\n<p style=\"padding-left: 40px;\">A continuaci\u00f3n el mensaje de su actual Consiliario y P\u00e1rroco de San Francisco Javier &#8211; San Ant\u00f3n, <strong>D. Antonio Ballester<\/strong>, reci\u00e9n llegado y con una gran labor por delante.<\/p>\n<p style=\"padding-left: 40px;\">Como broche final, acompa\u00f1amos res\u00famenes de los reportajes fotogr\u00e1ficos del <strong>Ciclo de Conferencias XXV Aniversario Refundaci\u00f3n<\/strong>, con elementos de los 6 eventos realizados entre noviembre de 2025 y enero de 2026, as\u00ed como de los <strong>Homenajes Cofrades<\/strong> realizados, tanto a los <em>miembros de la 1\u00aa Junta de Gobierno<\/em>, a los <em>cofrades que cumplieron 25 a\u00f1os ininterrumpidos<\/em> y al <em>grupo de mujeres y colaboradores con la Cofrad\u00eda en la manufactura de los \u00abPanecillos de San Ant\u00f3n\u00bb<\/em> durante tantos a\u00f1os.&nbsp;<\/p>\n","protected":false},"excerpt":{"rendered":"<p>&nbsp; Durante el a\u00f1o 2026 se cumplen los primeros 25 a\u00f1os de vida de esta Cofrad\u00eda. Por este motivo reproducimos diversos elementos nacidos para celebrar tal acontecimiento. En primer lugar, los discursos del fundador principal de esta cofrad\u00eda, D. Jorge Rodr\u00edguez, que&hellip;<\/p>\n","protected":false},"author":1,"featured_media":0,"parent":0,"menu_order":0,"comment_status":"closed","ping_status":"closed","template":"","meta":{"_monsterinsights_skip_tracking":false,"_monsterinsights_sitenote_active":false,"_monsterinsights_sitenote_note":"","_monsterinsights_sitenote_category":0,"ngg_post_thumbnail":0,"footnotes":""},"class_list":["post-5229","page","type-page","status-publish","hentry"],"yoast_head":"<!-- This site is optimized with the Yoast SEO plugin v17.9 - https:\/\/yoast.com\/wordpress\/plugins\/seo\/ -->\n<title>25 Aniversario - Real y Muy Ilustre Cofrad\u00eda de San Ant\u00f3n<\/title>\n<meta name=\"robots\" content=\"index, follow, max-snippet:-1, max-image-preview:large, max-video-preview:-1\" \/>\n<link rel=\"canonical\" href=\"https:\/\/cofradiasanantonmurcia.com\/index.php\/25-aniversario-2\/\" \/>\n<meta property=\"og:locale\" content=\"es_ES\" \/>\n<meta property=\"og:type\" content=\"article\" \/>\n<meta property=\"og:title\" content=\"25 Aniversario - Real y Muy Ilustre Cofrad\u00eda de San Ant\u00f3n\" \/>\n<meta property=\"og:description\" content=\"&nbsp; Durante el a\u00f1o 2026 se cumplen los primeros 25 a\u00f1os de vida de esta Cofrad\u00eda. Por este motivo reproducimos diversos elementos nacidos para celebrar tal acontecimiento. En primer lugar, los discursos del fundador principal de esta cofrad\u00eda, D. Jorge Rodr\u00edguez, que&hellip;\" \/>\n<meta property=\"og:url\" content=\"https:\/\/cofradiasanantonmurcia.com\/index.php\/25-aniversario-2\/\" \/>\n<meta property=\"og:site_name\" content=\"Real y Muy Ilustre Cofrad\u00eda de San Ant\u00f3n\" \/>\n<meta property=\"article:publisher\" content=\"https:\/\/www.facebook.com\/RealYMuyIlustreCofradiaSanAntonMurcia\/\" \/>\n<meta property=\"article:modified_time\" content=\"2026-03-24T11:48:24+00:00\" \/>\n<meta name=\"twitter:card\" content=\"summary_large_image\" \/>\n<meta name=\"twitter:site\" content=\"@sanantoncofrad\" \/>\n<meta name=\"twitter:label1\" content=\"Tiempo de lectura\" \/>\n\t<meta name=\"twitter:data1\" content=\"1 minuto\" \/>\n<script type=\"application\/ld+json\" class=\"yoast-schema-graph\">{\"@context\":\"https:\/\/schema.org\",\"@graph\":[{\"@type\":\"Organization\",\"@id\":\"http:\/\/cofradiasanantonmurcia.com\/#organization\",\"name\":\"Real y Muy Ilustre Cofrad\\u00eda de San Ant\\u00f3n\",\"url\":\"http:\/\/cofradiasanantonmurcia.com\/\",\"sameAs\":[\"https:\/\/www.facebook.com\/RealYMuyIlustreCofradiaSanAntonMurcia\/\",\"https:\/\/www.instagram.com\/cofradiasananton\/\",\"https:\/\/twitter.com\/sanantoncofrad\"],\"logo\":{\"@type\":\"ImageObject\",\"@id\":\"http:\/\/cofradiasanantonmurcia.com\/#logo\",\"inLanguage\":\"es\",\"url\":\"http:\/\/cofradiasanantonmurcia.com\/wp-content\/uploads\/2019\/08\/FB_IMG_1517187655267-1.jpg\",\"contentUrl\":\"http:\/\/cofradiasanantonmurcia.com\/wp-content\/uploads\/2019\/08\/FB_IMG_1517187655267-1.jpg\",\"width\":1030,\"height\":1700,\"caption\":\"Real y Muy Ilustre Cofrad\\u00eda de San Ant\\u00f3n\"},\"image\":{\"@id\":\"http:\/\/cofradiasanantonmurcia.com\/#logo\"}},{\"@type\":\"WebSite\",\"@id\":\"http:\/\/cofradiasanantonmurcia.com\/#website\",\"url\":\"http:\/\/cofradiasanantonmurcia.com\/\",\"name\":\"Real y Muy Ilustre Cofrad\\u00eda de San Ant\\u00f3n\",\"description\":\"Web oficial\",\"publisher\":{\"@id\":\"http:\/\/cofradiasanantonmurcia.com\/#organization\"},\"potentialAction\":[{\"@type\":\"SearchAction\",\"target\":{\"@type\":\"EntryPoint\",\"urlTemplate\":\"http:\/\/cofradiasanantonmurcia.com\/?s={search_term_string}\"},\"query-input\":\"required name=search_term_string\"}],\"inLanguage\":\"es\"},{\"@type\":\"WebPage\",\"@id\":\"https:\/\/cofradiasanantonmurcia.com\/index.php\/25-aniversario-2\/#webpage\",\"url\":\"https:\/\/cofradiasanantonmurcia.com\/index.php\/25-aniversario-2\/\",\"name\":\"25 Aniversario - Real y Muy Ilustre Cofrad\\u00eda de San Ant\\u00f3n\",\"isPartOf\":{\"@id\":\"http:\/\/cofradiasanantonmurcia.com\/#website\"},\"datePublished\":\"2026-03-22T15:04:14+00:00\",\"dateModified\":\"2026-03-24T11:48:24+00:00\",\"breadcrumb\":{\"@id\":\"https:\/\/cofradiasanantonmurcia.com\/index.php\/25-aniversario-2\/#breadcrumb\"},\"inLanguage\":\"es\",\"potentialAction\":[{\"@type\":\"ReadAction\",\"target\":[\"https:\/\/cofradiasanantonmurcia.com\/index.php\/25-aniversario-2\/\"]}]},{\"@type\":\"BreadcrumbList\",\"@id\":\"https:\/\/cofradiasanantonmurcia.com\/index.php\/25-aniversario-2\/#breadcrumb\",\"itemListElement\":[{\"@type\":\"ListItem\",\"position\":1,\"name\":\"Portada\",\"item\":\"https:\/\/cofradiasanantonmurcia.com\/\"},{\"@type\":\"ListItem\",\"position\":2,\"name\":\"25 Aniversario\"}]}]}<\/script>\n<!-- \/ Yoast SEO plugin. -->","yoast_head_json":{"title":"25 Aniversario - Real y Muy Ilustre Cofrad\u00eda de San Ant\u00f3n","robots":{"index":"index","follow":"follow","max-snippet":"max-snippet:-1","max-image-preview":"max-image-preview:large","max-video-preview":"max-video-preview:-1"},"canonical":"https:\/\/cofradiasanantonmurcia.com\/index.php\/25-aniversario-2\/","og_locale":"es_ES","og_type":"article","og_title":"25 Aniversario - Real y Muy Ilustre Cofrad\u00eda de San Ant\u00f3n","og_description":"&nbsp; Durante el a\u00f1o 2026 se cumplen los primeros 25 a\u00f1os de vida de esta Cofrad\u00eda. Por este motivo reproducimos diversos elementos nacidos para celebrar tal acontecimiento. En primer lugar, los discursos del fundador principal de esta cofrad\u00eda, D. Jorge Rodr\u00edguez, que&hellip;","og_url":"https:\/\/cofradiasanantonmurcia.com\/index.php\/25-aniversario-2\/","og_site_name":"Real y Muy Ilustre Cofrad\u00eda de San Ant\u00f3n","article_publisher":"https:\/\/www.facebook.com\/RealYMuyIlustreCofradiaSanAntonMurcia\/","article_modified_time":"2026-03-24T11:48:24+00:00","twitter_card":"summary_large_image","twitter_site":"@sanantoncofrad","twitter_misc":{"Tiempo de lectura":"1 minuto"},"schema":{"@context":"https:\/\/schema.org","@graph":[{"@type":"Organization","@id":"http:\/\/cofradiasanantonmurcia.com\/#organization","name":"Real y Muy Ilustre Cofrad\u00eda de San Ant\u00f3n","url":"http:\/\/cofradiasanantonmurcia.com\/","sameAs":["https:\/\/www.facebook.com\/RealYMuyIlustreCofradiaSanAntonMurcia\/","https:\/\/www.instagram.com\/cofradiasananton\/","https:\/\/twitter.com\/sanantoncofrad"],"logo":{"@type":"ImageObject","@id":"http:\/\/cofradiasanantonmurcia.com\/#logo","inLanguage":"es","url":"http:\/\/cofradiasanantonmurcia.com\/wp-content\/uploads\/2019\/08\/FB_IMG_1517187655267-1.jpg","contentUrl":"http:\/\/cofradiasanantonmurcia.com\/wp-content\/uploads\/2019\/08\/FB_IMG_1517187655267-1.jpg","width":1030,"height":1700,"caption":"Real y Muy Ilustre Cofrad\u00eda de San Ant\u00f3n"},"image":{"@id":"http:\/\/cofradiasanantonmurcia.com\/#logo"}},{"@type":"WebSite","@id":"http:\/\/cofradiasanantonmurcia.com\/#website","url":"http:\/\/cofradiasanantonmurcia.com\/","name":"Real y Muy Ilustre Cofrad\u00eda de San Ant\u00f3n","description":"Web oficial","publisher":{"@id":"http:\/\/cofradiasanantonmurcia.com\/#organization"},"potentialAction":[{"@type":"SearchAction","target":{"@type":"EntryPoint","urlTemplate":"http:\/\/cofradiasanantonmurcia.com\/?s={search_term_string}"},"query-input":"required name=search_term_string"}],"inLanguage":"es"},{"@type":"WebPage","@id":"https:\/\/cofradiasanantonmurcia.com\/index.php\/25-aniversario-2\/#webpage","url":"https:\/\/cofradiasanantonmurcia.com\/index.php\/25-aniversario-2\/","name":"25 Aniversario - Real y Muy Ilustre Cofrad\u00eda de San Ant\u00f3n","isPartOf":{"@id":"http:\/\/cofradiasanantonmurcia.com\/#website"},"datePublished":"2026-03-22T15:04:14+00:00","dateModified":"2026-03-24T11:48:24+00:00","breadcrumb":{"@id":"https:\/\/cofradiasanantonmurcia.com\/index.php\/25-aniversario-2\/#breadcrumb"},"inLanguage":"es","potentialAction":[{"@type":"ReadAction","target":["https:\/\/cofradiasanantonmurcia.com\/index.php\/25-aniversario-2\/"]}]},{"@type":"BreadcrumbList","@id":"https:\/\/cofradiasanantonmurcia.com\/index.php\/25-aniversario-2\/#breadcrumb","itemListElement":[{"@type":"ListItem","position":1,"name":"Portada","item":"https:\/\/cofradiasanantonmurcia.com\/"},{"@type":"ListItem","position":2,"name":"25 Aniversario"}]}]}},"_links":{"self":[{"href":"https:\/\/cofradiasanantonmurcia.com\/index.php\/wp-json\/wp\/v2\/pages\/5229","targetHints":{"allow":["GET"]}}],"collection":[{"href":"https:\/\/cofradiasanantonmurcia.com\/index.php\/wp-json\/wp\/v2\/pages"}],"about":[{"href":"https:\/\/cofradiasanantonmurcia.com\/index.php\/wp-json\/wp\/v2\/types\/page"}],"author":[{"embeddable":true,"href":"https:\/\/cofradiasanantonmurcia.com\/index.php\/wp-json\/wp\/v2\/users\/1"}],"replies":[{"embeddable":true,"href":"https:\/\/cofradiasanantonmurcia.com\/index.php\/wp-json\/wp\/v2\/comments?post=5229"}],"version-history":[{"count":16,"href":"https:\/\/cofradiasanantonmurcia.com\/index.php\/wp-json\/wp\/v2\/pages\/5229\/revisions"}],"predecessor-version":[{"id":5395,"href":"https:\/\/cofradiasanantonmurcia.com\/index.php\/wp-json\/wp\/v2\/pages\/5229\/revisions\/5395"}],"wp:attachment":[{"href":"https:\/\/cofradiasanantonmurcia.com\/index.php\/wp-json\/wp\/v2\/media?parent=5229"}],"curies":[{"name":"wp","href":"https:\/\/api.w.org\/{rel}","templated":true}]}}